{"id":1329,"date":"2023-08-30T15:25:52","date_gmt":"2023-08-30T13:25:52","guid":{"rendered":"https:\/\/www.ladiesbeauty.nl\/?page_id=1329"},"modified":"2023-11-27T14:06:33","modified_gmt":"2023-11-27T13:06:33","slug":"terugbetalen_retournering","status":"publish","type":"page","link":"https:\/\/www.ladiesbeauty.nl\/es\/terugbetalen_retournering\/","title":{"rendered":"Terugbetaling &#038; Retournering"},"content":{"rendered":"\t\t<div data-elementor-type=\"wp-page\" data-elementor-id=\"1329\" class=\"elementor elementor-1329\" data-elementor-post-type=\"page\">\n\t\t\t\t\t\t<section class=\"elementor-section elementor-top-section elementor-element elementor-element-1c9dba6b elementor-section-boxed elementor-section-height-default elementor-section-height-default\" data-id=\"1c9dba6b\" data-element_type=\"section\" data-e-type=\"section\">\n\t\t\t\t\t\t<div class=\"elementor-container elementor-column-gap-default\">\n\t\t\t\t\t<div class=\"elementor-column elementor-col-100 elementor-top-column elementor-element elementor-element-76e6bd30\" data-id=\"76e6bd30\" data-element_type=\"column\" data-e-type=\"column\">\n\t\t\t<div class=\"elementor-widget-wrap elementor-element-populated\">\n\t\t\t\t\t\t<div class=\"elementor-element elementor-element-6bd8d62d elementor-widget elementor-widget-text-editor\" data-id=\"6bd8d62d\" data-element_type=\"widget\" data-e-type=\"widget\" data-widget_type=\"text-editor.default\">\n\t\t\t\t<div class=\"elementor-widget-container\">\n\t\t\t\t\t\t\t\t\t<h2><strong>Resumen<\/strong><\/h2>\n<p>Nuestra pol\u00edtica de reembolsos y devoluciones tiene una duraci\u00f3n de 30 d\u00edas. Si han transcurrido m\u00e1s de 30 d\u00edas desde su compra, no podemos ofrecerle un reembolso completo ni un cambio.<\/p>\n<p>Para ser elegible para una devoluci\u00f3n, su art\u00edculo debe estar sin usar y en las mismas condiciones en que lo recibi\u00f3. Tambi\u00e9n debe estar en su envoltorio original.<\/p>\n<p>Varios tipos de productos no pueden ser devueltos. Productos perecederos como alimentos, flores, peri\u00f3dicos o revistas no pueden ser devueltos. Tampoco aceptamos productos que sean bienes \u00edntimos o de cuidado personal, materiales peligrosos o l\u00edquidos inflamables o gases.<\/p>\n<p>Art\u00edculos adicionales no retornables:<\/p>\n<ul>\n<li>Tarjetas de regalo.<\/li>\n<li>Productos de software descargables.<\/li>\n<li>Algunos productos de cuidado personal y salud.<\/li>\n<\/ul>\n<p>Para completar su devoluci\u00f3n, necesitamos un recibo o comprobante de compra.<\/p>\n<p>Por favor, no env\u00ede su compra de vuelta al fabricante.<\/p>\n<p>Existen situaciones en las que se otorgan reembolsos parciales:<\/p>\n<ul>\n<li>Libros con signos evidentes de uso.<\/li>\n<li>CD, DVD, cinta VHS, software, videojuego, casete o disco de vinilo que haya sido abierto.<\/li>\n<li>Cualquier art\u00edculo que no est\u00e9 en su condici\u00f3n original, est\u00e9 da\u00f1ado o falte en piezas por razones que no sean un error nuestro.<\/li>\n<li>Cualquier art\u00edculo devuelto m\u00e1s de 30 d\u00edas despu\u00e9s de su entrega.<\/li>\n<\/ul>\n<h2><strong>Reembolsos<\/strong><\/h2>\n<p>Una vez que recibamos y verifiquemos su devoluci\u00f3n, le enviaremos un correo electr\u00f3nico para notificarle que hemos recibido su art\u00edculo devuelto. Tambi\u00e9n le notificaremos la aprobaci\u00f3n o rechazo de su reembolso.<\/p>\n<p>Si se aprueba, su reembolso se procesar\u00e1 y se aplicar\u00e1 autom\u00e1ticamente a su tarjeta de cr\u00e9dito o m\u00e9todo de pago original en un plazo determinado.<\/p>\n<p><strong>Reembolsos tard\u00edos o faltantes<\/strong><br \/>Si a\u00fan no ha recibido un reembolso, primero verifique nuevamente su cuenta bancaria.<\/p>\n<p>Luego, contacte a su compa\u00f1\u00eda de tarjeta de cr\u00e9dito, puede tomar un tiempo antes de que su reembolso se publique oficialmente.<\/p>\n<p>A continuaci\u00f3n, contacte a su banco. A menudo, hay un tiempo de procesamiento antes de que se publique un reembolso.<\/p>\n<p>Si ha seguido todos estos pasos y a\u00fan no ha recibido su reembolso, por favor cont\u00e1ctenos en {direcci\u00f3n de correo electr\u00f3nico}.<\/p>\n<p><strong>Art\u00edculos en oferta<\/strong><br \/>Solo los art\u00edculos a precio regular pueden ser reembolsados. Los art\u00edculos en oferta no son reembolsables.<\/p>\n<h2><strong>Intercambios<\/strong><\/h2>\n<p>Solo reemplazamos los art\u00edculos si est\u00e1n defectuosos o da\u00f1ados. Si necesita cambiarlo por el mismo art\u00edculo, env\u00edenos un correo electr\u00f3nico a {direcci\u00f3n de correo electr\u00f3nico} y env\u00ede su art\u00edculo a: {direcci\u00f3n f\u00edsica}.<\/p>\n<h2><strong>Regalos<\/strong><\/h2>\n<p>Si el art\u00edculo fue marcado como regalo al momento de la compra y se envi\u00f3 directamente a usted, recibir\u00e1 un cr\u00e9dito de regalo por el valor de su devoluci\u00f3n. Una vez que se reciba el art\u00edculo devuelto, se le enviar\u00e1 un certificado de regalo por correo.<\/p>\n<p>Si el art\u00edculo no fue marcado como regalo al momento de la compra, o si la persona que hizo el regalo hizo que se enviara a s\u00ed misma para entreg\u00e1rselo m\u00e1s tarde, le enviaremos un reembolso al regalador y se enterar\u00e1 de su devoluci\u00f3n.<\/p>\n<h2><strong>Devoluci\u00f3n de env\u00edos<\/strong><\/h2>\n<p>Para devolver su producto, debe enviar su producto a: {direcci\u00f3n f\u00edsica}.<\/p>\n<p>Usted ser\u00e1 responsable de pagar sus propios costos de env\u00edo para devolver su art\u00edculo. Los costos de env\u00edo no son reembolsables. Si recibe un reembolso, se deducir\u00e1 el costo del env\u00edo de la devoluci\u00f3n de su reembolso.<\/p>\n<p>Dependiendo de d\u00f3nde viva, el tiempo que lleve recibir su producto intercambiado puede variar.<\/p>\n<p>Si est\u00e1 devolviendo art\u00edculos m\u00e1s costosos, puede considerar utilizar un servicio de env\u00edo rastreable o comprar un seguro de env\u00edo. No garantizamos que recibiremos su art\u00edculo devuelto.<\/p>\n<h2><strong>\u00bfNecesita ayuda?<\/strong><\/h2>\n<p>Cont\u00e1ctenos en {correo electr\u00f3nico} para preguntas relacionadas con reembolsos y devoluciones.<\/p>\t\t\t\t\t\t\t\t<\/div>\n\t\t\t\t<\/div>\n\t\t\t\t<div class=\"elementor-element elementor-element-0fbff89 elementor-hidden-desktop elementor-hidden-tablet elementor-hidden-mobile elementor-widget elementor-widget-text-editor\" data-id=\"0fbff89\" data-element_type=\"widget\" data-e-type=\"widget\" data-widget_type=\"text-editor.default\">\n\t\t\t\t<div class=\"elementor-widget-container\">\n\t\t\t\t\t\t\t\t\t<p>[fusion_builder_container type=&#8221;flex&#8221; hundred_percent=&#8221;no&#8221; equal_height_columns=&#8221;no&#8221; menu_anchor=&#8221;&#8221; hide_on_mobile=&#8221;small-visibility,medium-visibility,large-visibility&#8221; class=&#8221;&#8221; id=&#8221;&#8221; background_color=&#8221;&#8221; background_image=&#8221;&#8221; background_position=&#8221;center center&#8221; background_repeat=&#8221;no-repeat&#8221; fade=&#8221;no&#8221; background_parallax=&#8221;none&#8221; parallax_speed=&#8221;0.3&#8243; video_mp4=&#8221;&#8221; video_webm=&#8221;&#8221; video_ogv=&#8221;&#8221; video_url=&#8221;&#8221; video_aspect_ratio=&#8221;16:9&#8243; video_loop=&#8221;yes&#8221; video_mute=&#8221;yes&#8221; overlay_color=&#8221;&#8221; video_preview_image=&#8221;&#8221; border_color=&#8221;&#8221; border_style=&#8221;solid&#8221; padding_top=&#8221;&#8221; padding_bottom=&#8221;&#8221; padding_left=&#8221;&#8221; padding_right=&#8221;&#8221;][fusion_builder_row][fusion_builder_column type=&#8221;1_1&#8243; layout=&#8221;1_1&#8243; background_position=&#8221;left top&#8221; background_color=&#8221;&#8221; border_color=&#8221;&#8221; border_style=&#8221;solid&#8221; border_position=&#8221;all&#8221; spacing=&#8221;yes&#8221; background_image=&#8221;&#8221; background_repeat=&#8221;no-repeat&#8221; padding_top=&#8221;&#8221; padding_right=&#8221;&#8221; padding_bottom=&#8221;&#8221; padding_left=&#8221;&#8221; margin_top=&#8221;0px&#8221; margin_bottom=&#8221;0px&#8221; class=&#8221;&#8221; id=&#8221;&#8221; animation_type=&#8221;&#8221; animation_speed=&#8221;0.3&#8243; animation_direction=&#8221;left&#8221; hide_on_mobile=&#8221;small-visibility,medium-visibility,large-visibility&#8221; center_content=&#8221;no&#8221; last=&#8221;true&#8221; min_height=&#8221;&#8221; hover_type=&#8221;none&#8221; link=&#8221;&#8221; border_sizes_top=&#8221;&#8221; border_sizes_bottom=&#8221;&#8221; border_sizes_left=&#8221;&#8221; border_sizes_right=&#8221;&#8221; first=&#8221;true&#8221;][fusion_text]<\/p>\n\n<p><b>This is a sample page.<\/b><\/p>\n\n\n\n<h3>Overview<\/h3>\n\n\n\n<p>Our refund and returns policy lasts 30 days. If 30 days have passed since your purchase, we can\u2019t offer you a full refund or exchange.<\/p>\n\n\n\n<p>To be eligible for a return, your item must be unused and in the same condition that you received it. It must also be in the original packaging.<\/p>\n\n\n\n<p>Several types of goods are exempt from being returned. Perishable goods such as food, flowers, newspapers or magazines cannot be returned. We also do not accept products that are intimate or sanitary goods, hazardous materials, or flammable liquids or gases.<\/p>\n\n\n\n<p>Additional non-returnable items:<\/p>\n\n\n\n<ul class=\"wp-block-list\">\n<li>Gift cards<\/li>\n<li>Downloadable software products<\/li>\n<li>Some health and personal care items<\/li>\n<\/ul>\n\n\n\n<p>To complete your return, we require a receipt or proof of purchase.<\/p>\n\n\n\n<p>Please do not send your purchase back to the manufacturer.<\/p>\n\n\n\n<p>There are certain situations where only partial refunds are granted:<\/p>\n\n\n\n<ul class=\"wp-block-list\">\n<li>Book with obvious signs of use<\/li>\n<li>CD, DVD, VHS tape, software, video game, cassette tape, or vinyl record that has been opened.<\/li>\n<li>Any item not in its original condition, is damaged or missing parts for reasons not due to our error.<\/li>\n<li>Any item that is returned more than 30 days after delivery<\/li>\n<\/ul>\n\n\n\n<h2>Refunds<\/h2>\n\n\n\n<p>Once your return is received and inspected, we will send you an email to notify you that we have received your returned item. We will also notify you of the approval or rejection of your refund.<\/p>\n\n\n\n<p>If you are approved, then your refund will be processed, and a credit will automatically be applied to your credit card or original method of payment, within a certain amount of days.<\/p>\n\n\n\n<p><b>Late or missing refunds<\/b><\/p>\n\n\n\n<p>If you haven\u2019t received a refund yet, first check your bank account again.<\/p>\n\n\n\n<p>Then contact your credit card company, it may take some time before your refund is officially posted.<\/p>\n\n\n\n<p>Next contact your bank. There is often some processing time before a refund is posted.<\/p>\n\n\n\n<p>If you\u2019ve done all of this and you still have not received your refund yet, please contact us at {email address}.<\/p>\n\n\n\n<p><b>Sale items<\/b><\/p>\n\n\n\n<p>Only regular priced items may be refunded. Sale items cannot be refunded.<\/p>\n\n\n\n<h2>Exchanges<\/h2>\n\n\n\n<p>We only replace items if they are defective or damaged. If you need to exchange it for the same item, send us an email at {email address} and send your item to: {physical address}.<\/p>\n\n\n\n<h2>Gifts<\/h2>\n\n\n\n<p>If the item was marked as a gift when purchased and shipped directly to you, you\u2019ll receive a gift credit for the value of your return. Once the returned item is received, a gift certificate will be mailed to you.<\/p>\n\n\n\n<p>If the item wasn\u2019t marked as a gift when purchased, or the gift giver had the order shipped to themselves to give to you later, we will send a refund to the gift giver and they will find out about your return.<\/p>\n\n\n\n<h2>Shipping returns<\/h2>\n\n\n\n<p>To return your product, you should mail your product to: {physical address}.<\/p>\n\n\n\n<p>You will be responsible for paying for your own shipping costs for returning your item. Shipping costs are non-refundable. If you receive a refund, the cost of return shipping will be deducted from your refund.<\/p>\n\n\n\n<p>Depending on where you live, the time it may take for your exchanged product to reach you may vary.<\/p>\n\n\n\n<p>If you are returning more expensive items, you may consider using a trackable shipping service or purchasing shipping insurance. We don\u2019t guarantee that we will receive your returned item.<\/p>\n\n\n\n<h2>Need help?<\/h2>\n\n\n\n<p>Contact us at {email} for questions related to refunds and returns.<\/p>\n\n<p>[\/fusion_text][\/fusion_builder_column][\/fusion_builder_row][\/fusion_builder_container]<\/p>\t\t\t\t\t\t\t\t<\/div>\n\t\t\t\t<\/div>\n\t\t\t\t\t<\/div>\n\t\t<\/div>\n\t\t\t\t\t<\/div>\n\t\t<\/section>\n\t\t\t\t<\/div>\n\t\t","protected":false},"excerpt":{"rendered":"<p>[fusion_builder_container type=&#8221;flex&#8221; hundred_percent=&#8221;no&#8221; equal_height_columns=&#8221;no&#8221; menu_anchor=&#8221;&#8221; hide_on_mobile=&#8221;small-visibility,medium-visibility,large-visibility&#8221; class=&#8221;&#8221; id=&#8221;&#8221; background_color=&#8221;&#8221; background_image=&#8221;&#8221; background_position=&#8221;center center&#8221; background_repeat=&#8221;no-repeat&#8221; fade=&#8221;no&#8221; background_parallax=&#8221;none&#8221; parallax_speed=&#8221;0.3&#8243; video_mp4=&#8221;&#8221; video_webm=&#8221;&#8221; video_ogv=&#8221;&#8221; video_url=&#8221;&#8221; video_aspect_ratio=&#8221;16:9&#8243; video_loop=&#8221;yes&#8221; video_mute=&#8221;yes&#8221; overlay_color=&#8221;&#8221; video_preview_image=&#8221;&#8221; border_color=&#8221;&#8221; border_style=&#8221;solid&#8221; padding_top=&#8221;&#8221; padding_bottom=&#8221;&#8221; padding_left=&#8221;&#8221; padding_right=&#8221;&#8221;][fusion_builder_row][fusion_builder_column type=&#8221;1_1&#8243; layout=&#8221;1_1&#8243; background_position=&#8221;left top&#8221; background_color=&#8221;&#8221; border_color=&#8221;&#8221; border_style=&#8221;solid&#8221; border_position=&#8221;all&#8221; spacing=&#8221;yes&#8221; background_image=&#8221;&#8221; background_repeat=&#8221;no-repeat&#8221; padding_top=&#8221;&#8221; padding_right=&#8221;&#8221; padding_bottom=&#8221;&#8221; padding_left=&#8221;&#8221; margin_top=&#8221;0px&#8221; margin_bottom=&#8221;0px&#8221; class=&#8221;&#8221; id=&#8221;&#8221; animation_type=&#8221;&#8221; animation_speed=&#8221;0.3&#8243; animation_direction=&#8221;left&#8221; hide_on_mobile=&#8221;small-visibility,medium-visibility,large-visibility&#8221; center_content=&#8221;no&#8221; [&hellip;]<\/p>\n","protected":false},"author":2,"featured_media":0,"parent":0,"menu_order":0,"comment_status":"closed","ping_status":"closed","template":"","meta":{"footnotes":""},"class_list":["post-1329","page","type-page","status-publish","hentry"],"yoast_head":"<!-- This site is optimized with the Yoast SEO plugin v27.3 - https:\/\/yoast.com\/product\/yoast-seo-wordpress\/ -->\n<title>Terugbetaling &amp; Retournering - Ladies Beauty | Nagelstudio | Nagelsproducten<\/title>\n<meta name=\"robots\" content=\"index, follow, max-snippet:-1, max-image-preview:large, max-video-preview:-1\" \/>\n<link rel=\"canonical\" href=\"https:\/\/www.ladiesbeauty.nl\/es\/terugbetalen_retournering\/\" \/>\n<meta property=\"og:locale\" content=\"es_ES\" \/>\n<meta property=\"og:type\" content=\"article\" \/>\n<meta property=\"og:title\" content=\"Terugbetaling &amp; Retournering - Ladies Beauty | Nagelstudio | Nagelsproducten\" \/>\n<meta property=\"og:description\" content=\"[fusion_builder_container type=&#8221;flex&#8221; hundred_percent=&#8221;no&#8221; equal_height_columns=&#8221;no&#8221; menu_anchor=&#8221;&#8221; hide_on_mobile=&#8221;small-visibility,medium-visibility,large-visibility&#8221; class=&#8221;&#8221; id=&#8221;&#8221; background_color=&#8221;&#8221; background_image=&#8221;&#8221; background_position=&#8221;center center&#8221; background_repeat=&#8221;no-repeat&#8221; fade=&#8221;no&#8221; background_parallax=&#8221;none&#8221; parallax_speed=&#8221;0.3&#8243; video_mp4=&#8221;&#8221; video_webm=&#8221;&#8221; video_ogv=&#8221;&#8221; video_url=&#8221;&#8221; video_aspect_ratio=&#8221;16:9&#8243; video_loop=&#8221;yes&#8221; video_mute=&#8221;yes&#8221; overlay_color=&#8221;&#8221; video_preview_image=&#8221;&#8221; border_color=&#8221;&#8221; border_style=&#8221;solid&#8221; padding_top=&#8221;&#8221; padding_bottom=&#8221;&#8221; padding_left=&#8221;&#8221; padding_right=&#8221;&#8221;][fusion_builder_row][fusion_builder_column type=&#8221;1_1&#8243; layout=&#8221;1_1&#8243; background_position=&#8221;left top&#8221; background_color=&#8221;&#8221; border_color=&#8221;&#8221; border_style=&#8221;solid&#8221; border_position=&#8221;all&#8221; spacing=&#8221;yes&#8221; background_image=&#8221;&#8221; background_repeat=&#8221;no-repeat&#8221; padding_top=&#8221;&#8221; padding_right=&#8221;&#8221; padding_bottom=&#8221;&#8221; padding_left=&#8221;&#8221; margin_top=&#8221;0px&#8221; margin_bottom=&#8221;0px&#8221; class=&#8221;&#8221; id=&#8221;&#8221; animation_type=&#8221;&#8221; animation_speed=&#8221;0.3&#8243; animation_direction=&#8221;left&#8221; hide_on_mobile=&#8221;small-visibility,medium-visibility,large-visibility&#8221; center_content=&#8221;no&#8221; [&hellip;]\" \/>\n<meta property=\"og:url\" content=\"https:\/\/www.ladiesbeauty.nl\/es\/terugbetalen_retournering\/\" \/>\n<meta property=\"og:site_name\" content=\"Ladies Beauty | Nagelstudio | Nagelsproducten\" \/>\n<meta property=\"article:publisher\" content=\"https:\/\/www.facebook.com\/ladiesbeauty.nl\/\" \/>\n<meta property=\"article:modified_time\" content=\"2023-11-27T13:06:33+00:00\" \/>\n<meta name=\"twitter:card\" content=\"summary_large_image\" \/>\n<meta name=\"twitter:label1\" content=\"Tiempo de lectura\" \/>\n\t<meta name=\"twitter:data1\" content=\"7 minutos\" \/>\n<script type=\"application\/ld+json\" class=\"yoast-schema-graph\">{\"@context\":\"https:\\\/\\\/schema.org\",\"@graph\":[{\"@type\":\"WebPage\",\"@id\":\"https:\\\/\\\/www.ladiesbeauty.nl\\\/terugbetalen_retournering\\\/\",\"url\":\"https:\\\/\\\/www.ladiesbeauty.nl\\\/terugbetalen_retournering\\\/\",\"name\":\"Terugbetaling & Retournering - Ladies Beauty | Nagelstudio | Nagelsproducten\",\"isPartOf\":{\"@id\":\"https:\\\/\\\/www.ladiesbeauty.nl\\\/#website\"},\"datePublished\":\"2023-08-30T13:25:52+00:00\",\"dateModified\":\"2023-11-27T13:06:33+00:00\",\"breadcrumb\":{\"@id\":\"https:\\\/\\\/www.ladiesbeauty.nl\\\/terugbetalen_retournering\\\/#breadcrumb\"},\"inLanguage\":\"es\",\"potentialAction\":[{\"@type\":\"ReadAction\",\"target\":[\"https:\\\/\\\/www.ladiesbeauty.nl\\\/terugbetalen_retournering\\\/\"]}]},{\"@type\":\"BreadcrumbList\",\"@id\":\"https:\\\/\\\/www.ladiesbeauty.nl\\\/terugbetalen_retournering\\\/#breadcrumb\",\"itemListElement\":[{\"@type\":\"ListItem\",\"position\":1,\"name\":\"Home\",\"item\":\"https:\\\/\\\/www.ladiesbeauty.nl\\\/\"},{\"@type\":\"ListItem\",\"position\":2,\"name\":\"Terugbetaling &#038; Retournering\"}]},{\"@type\":\"WebSite\",\"@id\":\"https:\\\/\\\/www.ladiesbeauty.nl\\\/#website\",\"url\":\"https:\\\/\\\/www.ladiesbeauty.nl\\\/\",\"name\":\"Ladies Beauty | Nagelstudio | Nagelsproducten\",\"description\":\"NagelSalon | NagelStudio | Utrecht | Zeist| Nagelsproducten\",\"publisher\":{\"@id\":\"https:\\\/\\\/www.ladiesbeauty.nl\\\/#organization\"},\"potentialAction\":[{\"@type\":\"SearchAction\",\"target\":{\"@type\":\"EntryPoint\",\"urlTemplate\":\"https:\\\/\\\/www.ladiesbeauty.nl\\\/?s={search_term_string}\"},\"query-input\":{\"@type\":\"PropertyValueSpecification\",\"valueRequired\":true,\"valueName\":\"search_term_string\"}}],\"inLanguage\":\"es\"},{\"@type\":\"Organization\",\"@id\":\"https:\\\/\\\/www.ladiesbeauty.nl\\\/#organization\",\"name\":\"Ladies Beauty\",\"url\":\"https:\\\/\\\/www.ladiesbeauty.nl\\\/\",\"logo\":{\"@type\":\"ImageObject\",\"inLanguage\":\"es\",\"@id\":\"https:\\\/\\\/www.ladiesbeauty.nl\\\/#\\\/schema\\\/logo\\\/image\\\/\",\"url\":\"\",\"contentUrl\":\"\",\"caption\":\"Ladies Beauty\"},\"image\":{\"@id\":\"https:\\\/\\\/www.ladiesbeauty.nl\\\/#\\\/schema\\\/logo\\\/image\\\/\"},\"sameAs\":[\"https:\\\/\\\/www.facebook.com\\\/ladiesbeauty.nl\\\/\",\"https:\\\/\\\/www.instagram.com\\\/ladiesbeauty.nl\",\"https:\\\/\\\/nl.pinterest.com\\\/guedez1602\\\/_saved\\\/\"]}]}<\/script>\n<!-- \/ Yoast SEO plugin. -->","yoast_head_json":{"title":"Terugbetaling & Retournering - Ladies Beauty | Nagelstudio | Nagelsproducten","robots":{"index":"index","follow":"follow","max-snippet":"max-snippet:-1","max-image-preview":"max-image-preview:large","max-video-preview":"max-video-preview:-1"},"canonical":"https:\/\/www.ladiesbeauty.nl\/es\/terugbetalen_retournering\/","og_locale":"es_ES","og_type":"article","og_title":"Terugbetaling & Retournering - Ladies Beauty | Nagelstudio | Nagelsproducten","og_description":"[fusion_builder_container type=&#8221;flex&#8221; hundred_percent=&#8221;no&#8221; equal_height_columns=&#8221;no&#8221; menu_anchor=&#8221;&#8221; hide_on_mobile=&#8221;small-visibility,medium-visibility,large-visibility&#8221; class=&#8221;&#8221; id=&#8221;&#8221; background_color=&#8221;&#8221; background_image=&#8221;&#8221; background_position=&#8221;center center&#8221; background_repeat=&#8221;no-repeat&#8221; fade=&#8221;no&#8221; background_parallax=&#8221;none&#8221; parallax_speed=&#8221;0.3&#8243; video_mp4=&#8221;&#8221; video_webm=&#8221;&#8221; video_ogv=&#8221;&#8221; video_url=&#8221;&#8221; video_aspect_ratio=&#8221;16:9&#8243; video_loop=&#8221;yes&#8221; video_mute=&#8221;yes&#8221; overlay_color=&#8221;&#8221; video_preview_image=&#8221;&#8221; border_color=&#8221;&#8221; border_style=&#8221;solid&#8221; padding_top=&#8221;&#8221; padding_bottom=&#8221;&#8221; padding_left=&#8221;&#8221; padding_right=&#8221;&#8221;][fusion_builder_row][fusion_builder_column type=&#8221;1_1&#8243; layout=&#8221;1_1&#8243; background_position=&#8221;left top&#8221; background_color=&#8221;&#8221; border_color=&#8221;&#8221; border_style=&#8221;solid&#8221; border_position=&#8221;all&#8221; spacing=&#8221;yes&#8221; background_image=&#8221;&#8221; background_repeat=&#8221;no-repeat&#8221; padding_top=&#8221;&#8221; padding_right=&#8221;&#8221; padding_bottom=&#8221;&#8221; padding_left=&#8221;&#8221; margin_top=&#8221;0px&#8221; margin_bottom=&#8221;0px&#8221; class=&#8221;&#8221; id=&#8221;&#8221; animation_type=&#8221;&#8221; animation_speed=&#8221;0.3&#8243; animation_direction=&#8221;left&#8221; hide_on_mobile=&#8221;small-visibility,medium-visibility,large-visibility&#8221; center_content=&#8221;no&#8221; [&hellip;]","og_url":"https:\/\/www.ladiesbeauty.nl\/es\/terugbetalen_retournering\/","og_site_name":"Ladies Beauty | Nagelstudio | Nagelsproducten","article_publisher":"https:\/\/www.facebook.com\/ladiesbeauty.nl\/","article_modified_time":"2023-11-27T13:06:33+00:00","twitter_card":"summary_large_image","twitter_misc":{"Tiempo de lectura":"7 minutos"},"schema":{"@context":"https:\/\/schema.org","@graph":[{"@type":"WebPage","@id":"https:\/\/www.ladiesbeauty.nl\/terugbetalen_retournering\/","url":"https:\/\/www.ladiesbeauty.nl\/terugbetalen_retournering\/","name":"Terugbetaling & Retournering - Ladies Beauty | Nagelstudio | Nagelsproducten","isPartOf":{"@id":"https:\/\/www.ladiesbeauty.nl\/#website"},"datePublished":"2023-08-30T13:25:52+00:00","dateModified":"2023-11-27T13:06:33+00:00","breadcrumb":{"@id":"https:\/\/www.ladiesbeauty.nl\/terugbetalen_retournering\/#breadcrumb"},"inLanguage":"es","potentialAction":[{"@type":"ReadAction","target":["https:\/\/www.ladiesbeauty.nl\/terugbetalen_retournering\/"]}]},{"@type":"BreadcrumbList","@id":"https:\/\/www.ladiesbeauty.nl\/terugbetalen_retournering\/#breadcrumb","itemListElement":[{"@type":"ListItem","position":1,"name":"Home","item":"https:\/\/www.ladiesbeauty.nl\/"},{"@type":"ListItem","position":2,"name":"Terugbetaling &#038; Retournering"}]},{"@type":"WebSite","@id":"https:\/\/www.ladiesbeauty.nl\/#website","url":"https:\/\/www.ladiesbeauty.nl\/","name":"Ladies Beauty | Nagelstudio | Nagelsproducten","description":"NagelSalon | NagelStudio | Utrecht | Zeist| Nagelsproducten","publisher":{"@id":"https:\/\/www.ladiesbeauty.nl\/#organization"},"potentialAction":[{"@type":"SearchAction","target":{"@type":"EntryPoint","urlTemplate":"https:\/\/www.ladiesbeauty.nl\/?s={search_term_string}"},"query-input":{"@type":"PropertyValueSpecification","valueRequired":true,"valueName":"search_term_string"}}],"inLanguage":"es"},{"@type":"Organization","@id":"https:\/\/www.ladiesbeauty.nl\/#organization","name":"Ladies Beauty","url":"https:\/\/www.ladiesbeauty.nl\/","logo":{"@type":"ImageObject","inLanguage":"es","@id":"https:\/\/www.ladiesbeauty.nl\/#\/schema\/logo\/image\/","url":"","contentUrl":"","caption":"Ladies Beauty"},"image":{"@id":"https:\/\/www.ladiesbeauty.nl\/#\/schema\/logo\/image\/"},"sameAs":["https:\/\/www.facebook.com\/ladiesbeauty.nl\/","https:\/\/www.instagram.com\/ladiesbeauty.nl","https:\/\/nl.pinterest.com\/guedez1602\/_saved\/"]}]}},"_links":{"self":[{"href":"https:\/\/www.ladiesbeauty.nl\/es\/wp-json\/wp\/v2\/pages\/1329","targetHints":{"allow":["GET"]}}],"collection":[{"href":"https:\/\/www.ladiesbeauty.nl\/es\/wp-json\/wp\/v2\/pages"}],"about":[{"href":"https:\/\/www.ladiesbeauty.nl\/es\/wp-json\/wp\/v2\/types\/page"}],"author":[{"embeddable":true,"href":"https:\/\/www.ladiesbeauty.nl\/es\/wp-json\/wp\/v2\/users\/2"}],"replies":[{"embeddable":true,"href":"https:\/\/www.ladiesbeauty.nl\/es\/wp-json\/wp\/v2\/comments?post=1329"}],"version-history":[{"count":23,"href":"https:\/\/www.ladiesbeauty.nl\/es\/wp-json\/wp\/v2\/pages\/1329\/revisions"}],"predecessor-version":[{"id":3076,"href":"https:\/\/www.ladiesbeauty.nl\/es\/wp-json\/wp\/v2\/pages\/1329\/revisions\/3076"}],"wp:attachment":[{"href":"https:\/\/www.ladiesbeauty.nl\/es\/wp-json\/wp\/v2\/media?parent=1329"}],"curies":[{"name":"wp","href":"https:\/\/api.w.org\/{rel}","templated":true}]}}