{"id":2207,"date":"2023-07-27T00:39:03","date_gmt":"2023-07-26T22:39:03","guid":{"rendered":"https:\/\/www.ladiesbeauty.nl\/?page_id=2207"},"modified":"2024-04-18T16:40:00","modified_gmt":"2024-04-18T14:40:00","slug":"over-one","status":"publish","type":"page","link":"https:\/\/www.ladiesbeauty.nl\/es\/over-one\/","title":{"rendered":"Nosotros"},"content":{"rendered":"<div data-elementor-type=\"wp-page\" data-elementor-id=\"2207\" class=\"elementor elementor-2207\" data-elementor-post-type=\"page\">\n\t\t\t\t\t\t<section class=\"elementor-section elementor-top-section elementor-element elementor-element-603366e elementor-section-height-min-height elementor-section-boxed elementor-section-height-default elementor-section-items-middle\" data-id=\"603366e\" data-element_type=\"section\" data-settings=\"{&quot;background_background&quot;:&quot;classic&quot;}\">\n\t\t\t\t\t\t\t<div class=\"elementor-background-overlay\"><\/div>\n\t\t\t\t\t\t\t<div class=\"elementor-container elementor-column-gap-no\">\n\t\t\t\t\t<div class=\"elementor-column elementor-col-100 elementor-top-column elementor-element elementor-element-aced082\" data-id=\"aced082\" data-element_type=\"column\">\n\t\t\t<div class=\"elementor-widget-wrap elementor-element-populated\">\n\t\t\t\t\t\t<div class=\"elementor-element elementor-element-c9e1da4 elementor-hidden-desktop elementor-hidden-tablet elementor-widget elementor-widget-image\" data-id=\"c9e1da4\" data-element_type=\"widget\" data-widget_type=\"image.default\">\n\t\t\t\t<div class=\"elementor-widget-container\">\n\t\t\t\t\t\t\t\t\t\t\t\t\t\t\t<img fetchpriority=\"high\" decoding=\"async\" width=\"800\" height=\"1003\" src=\"https:\/\/www.ladiesbeauty.nl\/wp-content\/uploads\/2023\/07\/Rectangulo-7-817x1024.jpg\" class=\"attachment-large size-large wp-image-1816 lazyload\" alt=\"\" srcset=\"data:image\/svg+xml,%3Csvg%20xmlns%3D%27http%3A%2F%2Fwww.w3.org%2F2000%2Fsvg%27%20width%3D%27959%27%20height%3D%271202%27%20viewBox%3D%270%200%20959%201202%27%3E%3Crect%20width%3D%27959%27%20height%3D%271202%27%20fill-opacity%3D%220%22%2F%3E%3C%2Fsvg%3E\" data-orig-src=\"https:\/\/www.ladiesbeauty.nl\/wp-content\/uploads\/2023\/07\/Rectangulo-7-817x1024.jpg\" data-srcset=\"https:\/\/www.ladiesbeauty.nl\/wp-content\/uploads\/2023\/07\/Rectangulo-7-200x251.jpg 200w, https:\/\/www.ladiesbeauty.nl\/wp-content\/uploads\/2023\/07\/Rectangulo-7-399x500.jpg 399w, https:\/\/www.ladiesbeauty.nl\/wp-content\/uploads\/2023\/07\/Rectangulo-7-400x502.jpg 400w, https:\/\/www.ladiesbeauty.nl\/wp-content\/uploads\/2023\/07\/Rectangulo-7-600x752.jpg 600w, https:\/\/www.ladiesbeauty.nl\/wp-content\/uploads\/2023\/07\/Rectangulo-7-768x963.jpg 768w, https:\/\/www.ladiesbeauty.nl\/wp-content\/uploads\/2023\/07\/Rectangulo-7-800x1003.jpg 800w, https:\/\/www.ladiesbeauty.nl\/wp-content\/uploads\/2023\/07\/Rectangulo-7-817x1024.jpg 817w, https:\/\/www.ladiesbeauty.nl\/wp-content\/uploads\/2023\/07\/Rectangulo-7-scaled.jpg 959w\" data-sizes=\"auto\" \/>\t\t\t\t\t\t\t\t\t\t\t\t\t\t\t<\/div>\n\t\t\t\t<\/div>\n\t\t\t\t<div class=\"elementor-element elementor-element-a710197 elementor-widget elementor-widget-heading\" data-id=\"a710197\" data-element_type=\"widget\" data-widget_type=\"heading.default\">\n\t\t\t\t<div class=\"elementor-widget-container\">\n\t\t\t\t\t<h1 class=\"elementor-heading-title elementor-size-default\">Sobre Nosotros<\/h1>\t\t\t\t<\/div>\n\t\t\t\t<\/div>\n\t\t\t\t<div class=\"elementor-element elementor-element-76de671 elementor-widget elementor-widget-image\" data-id=\"76de671\" data-element_type=\"widget\" data-widget_type=\"image.default\">\n\t\t\t\t<div class=\"elementor-widget-container\">\n\t\t\t\t\t\t\t\t\t\t\t\t\t\t\t<img decoding=\"async\" width=\"800\" height=\"3\" src=\"https:\/\/www.ladiesbeauty.nl\/wp-content\/uploads\/2023\/07\/Recurso-2@3x-100-1024x4.jpg\" class=\"attachment-large size-large wp-image-2211 lazyload\" alt=\"\" srcset=\"data:image\/svg+xml,%3Csvg%20xmlns%3D%27http%3A%2F%2Fwww.w3.org%2F2000%2Fsvg%27%20width%3D%271568%27%20height%3D%276%27%20viewBox%3D%270%200%201568%206%27%3E%3Crect%20width%3D%271568%27%20height%3D%276%27%20fill-opacity%3D%220%22%2F%3E%3C%2Fsvg%3E\" data-orig-src=\"https:\/\/www.ladiesbeauty.nl\/wp-content\/uploads\/2023\/07\/Recurso-2@3x-100-1024x4.jpg\" data-srcset=\"https:\/\/www.ladiesbeauty.nl\/wp-content\/uploads\/2023\/07\/Recurso-2@3x-100-500x2.jpg 500w, https:\/\/www.ladiesbeauty.nl\/wp-content\/uploads\/2023\/07\/Recurso-2@3x-100-768x3.jpg 768w, https:\/\/www.ladiesbeauty.nl\/wp-content\/uploads\/2023\/07\/Recurso-2@3x-100-1024x4.jpg 1024w, https:\/\/www.ladiesbeauty.nl\/wp-content\/uploads\/2023\/07\/Recurso-2@3x-100-1536x6.jpg 1536w, https:\/\/www.ladiesbeauty.nl\/wp-content\/uploads\/2023\/07\/Recurso-2@3x-100.jpg 1568w\" data-sizes=\"auto\" \/>\t\t\t\t\t\t\t\t\t\t\t\t\t\t\t<\/div>\n\t\t\t\t<\/div>\n\t\t\t\t<div class=\"elementor-element elementor-element-fb14701 elementor-widget__width-initial elementor-widget elementor-widget-text-editor\" data-id=\"fb14701\" data-element_type=\"widget\" data-widget_type=\"text-editor.default\">\n\t\t\t\t<div class=\"elementor-widget-container\">\n\t\t\t\t\t\t\t\t\t<p>En Ladies Beauty, nos enorgullecemos de ofrecer esmaltes de u\u00f1as de gel UV con la m\u00e1s alta calidad.<\/p>\t\t\t\t\t\t\t\t<\/div>\n\t\t\t\t<\/div>\n\t\t\t\t<div class=\"elementor-element elementor-element-9a02126 elementor-widget elementor-widget-spacer\" data-id=\"9a02126\" data-element_type=\"widget\" data-widget_type=\"spacer.default\">\n\t\t\t\t<div class=\"elementor-widget-container\">\n\t\t\t\t\t\t\t<div class=\"elementor-spacer\">\n\t\t\t<div class=\"elementor-spacer-inner\"><\/div>\n\t\t<\/div>\n\t\t\t\t\t\t<\/div>\n\t\t\t\t<\/div>\n\t\t\t\t<div class=\"elementor-element elementor-element-02f9511 elementor-mobile-align-justify elementor-hidden-desktop elementor-hidden-tablet elementor-hidden-mobile elementor-widget elementor-widget-button\" data-id=\"02f9511\" data-element_type=\"widget\" data-widget_type=\"button.default\">\n\t\t\t\t<div class=\"elementor-widget-container\">\n\t\t\t\t\t\t\t\t\t<div class=\"elementor-button-wrapper\">\n\t\t\t\t\t<a class=\"elementor-button elementor-button-link elementor-size-sm elementor-animation-grow\" href=\"#\">\n\t\t\t\t\t\t<span class=\"elementor-button-content-wrapper\">\n\t\t\t\t\t\t\t\t\t<span class=\"elementor-button-text\">QUIEN SOMOS<\/span>\n\t\t\t\t\t<\/span>\n\t\t\t\t\t<\/a>\n\t\t\t\t<\/div>\n\t\t\t\t\t\t\t\t<\/div>\n\t\t\t\t<\/div>\n\t\t\t\t\t<\/div>\n\t\t<\/div>\n\t\t\t\t\t<\/div>\n\t\t<\/section>\n\t\t<div class=\"elementor-element elementor-element-eb962af e-flex e-con-boxed e-con e-parent\" data-id=\"eb962af\" data-element_type=\"container\">\n\t\t\t\t\t<div class=\"e-con-inner\">\n\t\t<div class=\"elementor-element elementor-element-d81be69 e-con-full e-flex e-con e-child\" data-id=\"d81be69\" data-element_type=\"container\">\n\t\t\t\t<div class=\"elementor-element elementor-element-e00c694 elementor-headline--style-rotate elementor-widget elementor-widget-animated-headline\" data-id=\"e00c694\" data-element_type=\"widget\" data-settings=\"{&quot;headline_style&quot;:&quot;rotate&quot;,&quot;animation_type&quot;:&quot;flip&quot;,&quot;rotating_text&quot;:&quot;ONS&quot;,&quot;rotate_iteration_delay&quot;:2500}\" data-widget_type=\"animated-headline.default\">\n\t\t\t\t<div class=\"elementor-widget-container\">\n\t\t\t\t\t\t\t<h3 class=\"elementor-headline elementor-headline-animation-type-flip\">\n\t\t\t\t\t<span class=\"elementor-headline-plain-text elementor-headline-text-wrapper\">Sobre<\/span>\n\t\t\t\t<span class=\"elementor-headline-dynamic-wrapper elementor-headline-text-wrapper\">\n\t\t\t\t\t<span class=\"elementor-headline-dynamic-text elementor-headline-text-active\">\n\t\t\t\tNosotros\t\t\t<\/span>\n\t\t\t\t\t\t<\/span>\n\t\t\t\t<\/h3>\n\t\t\t\t\t\t<\/div>\n\t\t\t\t<\/div>\n\t\t\t\t<div class=\"elementor-element elementor-element-e0ea84e elementor-mobile-align-justify elementor-align-center elementor-widget elementor-widget-button\" data-id=\"e0ea84e\" data-element_type=\"widget\" data-widget_type=\"button.default\">\n\t\t\t\t<div class=\"elementor-widget-container\">\n\t\t\t\t\t\t\t\t\t<div class=\"elementor-button-wrapper\">\n\t\t\t\t\t<a class=\"elementor-button elementor-button-link elementor-size-sm elementor-animation-grow\" href=\"https:\/\/www.ladiesbeauty.nl\/es\/contacto\/\">\n\t\t\t\t\t\t<span class=\"elementor-button-content-wrapper\">\n\t\t\t\t\t\t\t\t\t<span class=\"elementor-button-text\">Contacto<\/span>\n\t\t\t\t\t<\/span>\n\t\t\t\t\t<\/a>\n\t\t\t\t<\/div>\n\t\t\t\t\t\t\t\t<\/div>\n\t\t\t\t<\/div>\n\t\t\t\t<div class=\"elementor-element elementor-element-b47ff87 elementor-widget elementor-widget-text-editor\" data-id=\"b47ff87\" data-element_type=\"widget\" data-widget_type=\"text-editor.default\">\n\t\t\t\t<div class=\"elementor-widget-container\">\n\t\t\t\t\t\t\t\t\t<p>Nuestra f\u00f3rmula est\u00e1ndar, de origen estadounidense y grado biom\u00e9dico, garantiza un resultado excepcional en cada aplicaci\u00f3n. Importamos los materiales desde Alemania, asegurando la excelencia en nuestros productos.\nCreemos en la inclusi\u00f3n y la diversidad. En Ladies Beauty, valoramos y celebramos la belleza \u00fanica de cada individuo.<\/p><h2>Nuestra misi\u00f3n es ofrecer productos que sean accesibles para todas <span style=\"color: #ff0000;\">las personas, sin importar su edad, g\u00e9nero, raza o nacionalidad.<br \/><\/span>La honestidad es fundamental para nosotros. Nos esforzamos por ser transparentes en todo lo que hacemos, desde la composici\u00f3n de nuestros esmaltes hasta nuestras pr\u00e1cticas comerciales.\u00a0<\/h2><p>En Ladies Beauty, tambi\u00e9n nos comprometemos con el empoderamiento de todas las mujeres. Queremos ser una fuente de confianza y apoyo para aquellas que buscan expresar su belleza interior a trav\u00e9s del cuidado de sus u\u00f1as. Nuestra l\u00ednea de esmaltes de u\u00f1as de gel UV est\u00e1 dise\u00f1ada con cuidado y atenci\u00f3n a la calidad, siempre priorizando la salud de tus u\u00f1as. Creemos que la belleza debe ser una experiencia positiva y saludable para ti y el mundo que te rodea.<\/p><p>\u00danete a nuestra comunidad de mujeres que buscan lo mejor para sus u\u00f1as. Explora nuestra gama de esmaltes de u\u00f1as de gel UV y descubre el equilibrio perfecto entre belleza, bienestar e inclusi\u00f3n.\n\n\u00a1Gracias por confiar en Ladies Beauty para el cuidado de tus u\u00f1as!\u00a0<span style=\"color: var( --e-global-color-b3c11fa );\">Bedankt dat je je nagelverzorging toevertrouwt aan Ladies Beauty!<\/span><\/p>\t\t\t\t\t\t\t\t<\/div>\n\t\t\t\t<\/div>\n\t\t\t\t<\/div>\n\t\t\t\t\t<\/div>\n\t\t\t\t<\/div>\n\t\t\t\t<\/div>","protected":false},"excerpt":{"rendered":"<p>OVER ONS Bij Ladies Beauty zijn we er trots op dat we uv-gel nagellak van de hoogste kwaliteit kunnen aanbieden. WIE ZIJN WE OVER ONS Contact Onze formule is van Amerikaanse oorsprong een heeft een biomedische kwaliteit, wat zorgt\u00a0 Voor een uitzonderlijk resultaat bij elke toepassing. We importeren onze materialen uit Duitsland, om de uitmuntendheid [&hellip;]<\/p>","protected":false},"author":2,"featured_media":0,"parent":0,"menu_order":5,"comment_status":"closed","ping_status":"closed","template":"elementor_header_footer","meta":{"footnotes":""},"class_list":["post-2207","page","type-page","status-publish","hentry"],"yoast_head":"<!-- This site is optimized with the Yoast SEO plugin v24.7 - https:\/\/yoast.com\/wordpress\/plugins\/seo\/ -->\n<title>Over ons - Ladies Beauty | Nagelstudio | Nagelsproducten<\/title>\n<meta name=\"robots\" content=\"index, follow, max-snippet:-1, max-image-preview:large, max-video-preview:-1\" \/>\n<link rel=\"canonical\" href=\"https:\/\/www.ladiesbeauty.nl\/es\/over-one\/\" \/>\n<meta property=\"og:locale\" content=\"es_ES\" \/>\n<meta property=\"og:type\" content=\"article\" \/>\n<meta property=\"og:title\" content=\"Over ons - Ladies Beauty | Nagelstudio | Nagelsproducten\" \/>\n<meta property=\"og:description\" content=\"OVER ONS Bij Ladies Beauty zijn we er trots op dat we uv-gel nagellak van de hoogste kwaliteit kunnen aanbieden. WIE ZIJN WE OVER ONS Contact Onze formule is van Amerikaanse oorsprong een heeft een biomedische kwaliteit, wat zorgt\u00a0 Voor een uitzonderlijk resultaat bij elke toepassing. We importeren onze materialen uit Duitsland, om de uitmuntendheid [&hellip;]\" \/>\n<meta property=\"og:url\" content=\"https:\/\/www.ladiesbeauty.nl\/es\/over-one\/\" \/>\n<meta property=\"og:site_name\" content=\"Ladies Beauty | Nagelstudio | Nagelsproducten\" \/>\n<meta property=\"article:publisher\" content=\"https:\/\/www.facebook.com\/ladiesbeauty.nl\/\" \/>\n<meta property=\"article:modified_time\" content=\"2024-04-18T14:40:00+00:00\" \/>\n<meta property=\"og:image\" content=\"http:\/\/www.ladiesbeauty.nl\/wp-content\/uploads\/2023\/07\/Rectangulo-7-817x1024.jpg\" \/>\n<meta name=\"twitter:card\" content=\"summary_large_image\" \/>\n<meta name=\"twitter:label1\" content=\"Tiempo de lectura\" \/>\n\t<meta name=\"twitter:data1\" content=\"2 minutos\" \/>\n<script type=\"application\/ld+json\" class=\"yoast-schema-graph\">{\"@context\":\"https:\/\/schema.org\",\"@graph\":[{\"@type\":\"WebPage\",\"@id\":\"https:\/\/www.ladiesbeauty.nl\/over-one\/\",\"url\":\"https:\/\/www.ladiesbeauty.nl\/over-one\/\",\"name\":\"Over ons - Ladies Beauty | Nagelstudio | Nagelsproducten\",\"isPartOf\":{\"@id\":\"https:\/\/www.ladiesbeauty.nl\/#website\"},\"primaryImageOfPage\":{\"@id\":\"https:\/\/www.ladiesbeauty.nl\/over-one\/#primaryimage\"},\"image\":{\"@id\":\"https:\/\/www.ladiesbeauty.nl\/over-one\/#primaryimage\"},\"thumbnailUrl\":\"http:\/\/www.ladiesbeauty.nl\/wp-content\/uploads\/2023\/07\/Rectangulo-7-817x1024.jpg\",\"datePublished\":\"2023-07-26T22:39:03+00:00\",\"dateModified\":\"2024-04-18T14:40:00+00:00\",\"breadcrumb\":{\"@id\":\"https:\/\/www.ladiesbeauty.nl\/over-one\/#breadcrumb\"},\"inLanguage\":\"es\",\"potentialAction\":[{\"@type\":\"ReadAction\",\"target\":[\"https:\/\/www.ladiesbeauty.nl\/over-one\/\"]}]},{\"@type\":\"ImageObject\",\"inLanguage\":\"es\",\"@id\":\"https:\/\/www.ladiesbeauty.nl\/over-one\/#primaryimage\",\"url\":\"http:\/\/www.ladiesbeauty.nl\/wp-content\/uploads\/2023\/07\/Rectangulo-7-817x1024.jpg\",\"contentUrl\":\"http:\/\/www.ladiesbeauty.nl\/wp-content\/uploads\/2023\/07\/Rectangulo-7-817x1024.jpg\"},{\"@type\":\"BreadcrumbList\",\"@id\":\"https:\/\/www.ladiesbeauty.nl\/over-one\/#breadcrumb\",\"itemListElement\":[{\"@type\":\"ListItem\",\"position\":1,\"name\":\"Home\",\"item\":\"https:\/\/www.ladiesbeauty.nl\/\"},{\"@type\":\"ListItem\",\"position\":2,\"name\":\"Over ons\"}]},{\"@type\":\"WebSite\",\"@id\":\"https:\/\/www.ladiesbeauty.nl\/#website\",\"url\":\"https:\/\/www.ladiesbeauty.nl\/\",\"name\":\"Ladies Beauty | Nagelstudio | Nagelsproducten\",\"description\":\"NagelSalon | NagelStudio | Utrecht | Zeist| Nagelsproducten\",\"publisher\":{\"@id\":\"https:\/\/www.ladiesbeauty.nl\/#organization\"},\"potentialAction\":[{\"@type\":\"SearchAction\",\"target\":{\"@type\":\"EntryPoint\",\"urlTemplate\":\"https:\/\/www.ladiesbeauty.nl\/?s={search_term_string}\"},\"query-input\":{\"@type\":\"PropertyValueSpecification\",\"valueRequired\":true,\"valueName\":\"search_term_string\"}}],\"inLanguage\":\"es\"},{\"@type\":\"Organization\",\"@id\":\"https:\/\/www.ladiesbeauty.nl\/#organization\",\"name\":\"Ladies Beauty\",\"url\":\"https:\/\/www.ladiesbeauty.nl\/\",\"logo\":{\"@type\":\"ImageObject\",\"inLanguage\":\"es\",\"@id\":\"https:\/\/www.ladiesbeauty.nl\/#\/schema\/logo\/image\/\",\"url\":\"\",\"contentUrl\":\"\",\"caption\":\"Ladies Beauty\"},\"image\":{\"@id\":\"https:\/\/www.ladiesbeauty.nl\/#\/schema\/logo\/image\/\"},\"sameAs\":[\"https:\/\/www.facebook.com\/ladiesbeauty.nl\/\",\"https:\/\/www.instagram.com\/ladiesbeauty.nl\",\"https:\/\/nl.pinterest.com\/guedez1602\/_saved\/\"]}]}<\/script>\n<!-- \/ Yoast SEO plugin. -->","yoast_head_json":{"title":"Over ons - Ladies Beauty | Nagelstudio | Nagelsproducten","robots":{"index":"index","follow":"follow","max-snippet":"max-snippet:-1","max-image-preview":"max-image-preview:large","max-video-preview":"max-video-preview:-1"},"canonical":"https:\/\/www.ladiesbeauty.nl\/es\/over-one\/","og_locale":"es_ES","og_type":"article","og_title":"Over ons - Ladies Beauty | Nagelstudio | Nagelsproducten","og_description":"OVER ONS Bij Ladies Beauty zijn we er trots op dat we uv-gel nagellak van de hoogste kwaliteit kunnen aanbieden. WIE ZIJN WE OVER ONS Contact Onze formule is van Amerikaanse oorsprong een heeft een biomedische kwaliteit, wat zorgt\u00a0 Voor een uitzonderlijk resultaat bij elke toepassing. We importeren onze materialen uit Duitsland, om de uitmuntendheid [&hellip;]","og_url":"https:\/\/www.ladiesbeauty.nl\/es\/over-one\/","og_site_name":"Ladies Beauty | Nagelstudio | Nagelsproducten","article_publisher":"https:\/\/www.facebook.com\/ladiesbeauty.nl\/","article_modified_time":"2024-04-18T14:40:00+00:00","og_image":[{"url":"http:\/\/www.ladiesbeauty.nl\/wp-content\/uploads\/2023\/07\/Rectangulo-7-817x1024.jpg","type":"","width":"","height":""}],"twitter_card":"summary_large_image","twitter_misc":{"Tiempo de lectura":"2 minutos"},"schema":{"@context":"https:\/\/schema.org","@graph":[{"@type":"WebPage","@id":"https:\/\/www.ladiesbeauty.nl\/over-one\/","url":"https:\/\/www.ladiesbeauty.nl\/over-one\/","name":"Over ons - Ladies Beauty | Nagelstudio | Nagelsproducten","isPartOf":{"@id":"https:\/\/www.ladiesbeauty.nl\/#website"},"primaryImageOfPage":{"@id":"https:\/\/www.ladiesbeauty.nl\/over-one\/#primaryimage"},"image":{"@id":"https:\/\/www.ladiesbeauty.nl\/over-one\/#primaryimage"},"thumbnailUrl":"http:\/\/www.ladiesbeauty.nl\/wp-content\/uploads\/2023\/07\/Rectangulo-7-817x1024.jpg","datePublished":"2023-07-26T22:39:03+00:00","dateModified":"2024-04-18T14:40:00+00:00","breadcrumb":{"@id":"https:\/\/www.ladiesbeauty.nl\/over-one\/#breadcrumb"},"inLanguage":"es","potentialAction":[{"@type":"ReadAction","target":["https:\/\/www.ladiesbeauty.nl\/over-one\/"]}]},{"@type":"ImageObject","inLanguage":"es","@id":"https:\/\/www.ladiesbeauty.nl\/over-one\/#primaryimage","url":"http:\/\/www.ladiesbeauty.nl\/wp-content\/uploads\/2023\/07\/Rectangulo-7-817x1024.jpg","contentUrl":"http:\/\/www.ladiesbeauty.nl\/wp-content\/uploads\/2023\/07\/Rectangulo-7-817x1024.jpg"},{"@type":"BreadcrumbList","@id":"https:\/\/www.ladiesbeauty.nl\/over-one\/#breadcrumb","itemListElement":[{"@type":"ListItem","position":1,"name":"Home","item":"https:\/\/www.ladiesbeauty.nl\/"},{"@type":"ListItem","position":2,"name":"Over ons"}]},{"@type":"WebSite","@id":"https:\/\/www.ladiesbeauty.nl\/#website","url":"https:\/\/www.ladiesbeauty.nl\/","name":"Ladies Beauty | Nagelstudio | Nagelsproducten","description":"NagelSalon | NagelStudio | Utrecht | Zeist| Nagelsproducten","publisher":{"@id":"https:\/\/www.ladiesbeauty.nl\/#organization"},"potentialAction":[{"@type":"SearchAction","target":{"@type":"EntryPoint","urlTemplate":"https:\/\/www.ladiesbeauty.nl\/?s={search_term_string}"},"query-input":{"@type":"PropertyValueSpecification","valueRequired":true,"valueName":"search_term_string"}}],"inLanguage":"es"},{"@type":"Organization","@id":"https:\/\/www.ladiesbeauty.nl\/#organization","name":"Ladies Beauty","url":"https:\/\/www.ladiesbeauty.nl\/","logo":{"@type":"ImageObject","inLanguage":"es","@id":"https:\/\/www.ladiesbeauty.nl\/#\/schema\/logo\/image\/","url":"","contentUrl":"","caption":"Ladies Beauty"},"image":{"@id":"https:\/\/www.ladiesbeauty.nl\/#\/schema\/logo\/image\/"},"sameAs":["https:\/\/www.facebook.com\/ladiesbeauty.nl\/","https:\/\/www.instagram.com\/ladiesbeauty.nl","https:\/\/nl.pinterest.com\/guedez1602\/_saved\/"]}]}},"_links":{"self":[{"href":"https:\/\/www.ladiesbeauty.nl\/es\/wp-json\/wp\/v2\/pages\/2207","targetHints":{"allow":["GET"]}}],"collection":[{"href":"https:\/\/www.ladiesbeauty.nl\/es\/wp-json\/wp\/v2\/pages"}],"about":[{"href":"https:\/\/www.ladiesbeauty.nl\/es\/wp-json\/wp\/v2\/types\/page"}],"author":[{"embeddable":true,"href":"https:\/\/www.ladiesbeauty.nl\/es\/wp-json\/wp\/v2\/users\/2"}],"replies":[{"embeddable":true,"href":"https:\/\/www.ladiesbeauty.nl\/es\/wp-json\/wp\/v2\/comments?post=2207"}],"version-history":[{"count":123,"href":"https:\/\/www.ladiesbeauty.nl\/es\/wp-json\/wp\/v2\/pages\/2207\/revisions"}],"predecessor-version":[{"id":3332,"href":"https:\/\/www.ladiesbeauty.nl\/es\/wp-json\/wp\/v2\/pages\/2207\/revisions\/3332"}],"wp:attachment":[{"href":"https:\/\/www.ladiesbeauty.nl\/es\/wp-json\/wp\/v2\/media?parent=2207"}],"curies":[{"name":"wp","href":"https:\/\/api.w.org\/{rel}","templated":true}]}}