{"id":2822,"date":"2023-08-03T11:25:46","date_gmt":"2023-08-03T09:25:46","guid":{"rendered":"https:\/\/www.ladiesbeauty.nl\/?page_id=2822"},"modified":"2023-11-27T14:05:00","modified_gmt":"2023-11-27T13:05:00","slug":"privacy-policy","status":"publish","type":"page","link":"https:\/\/www.ladiesbeauty.nl\/es\/privacy-policy\/","title":{"rendered":"Privacy policy"},"content":{"rendered":"<div data-elementor-type=\"wp-page\" data-elementor-id=\"2822\" class=\"elementor elementor-2822\" data-elementor-post-type=\"page\">\n\t\t\t\t\t\t<section class=\"elementor-section elementor-top-section elementor-element elementor-element-1e24803f elementor-section-boxed elementor-section-height-default elementor-section-height-default\" data-id=\"1e24803f\" data-element_type=\"section\" data-e-type=\"section\">\n\t\t\t\t\t\t<div class=\"elementor-container elementor-column-gap-default\">\n\t\t\t\t\t<div class=\"elementor-column elementor-col-100 elementor-top-column elementor-element elementor-element-6f9b8276\" data-id=\"6f9b8276\" data-element_type=\"column\" data-e-type=\"column\">\n\t\t\t<div class=\"elementor-widget-wrap elementor-element-populated\">\n\t\t\t\t\t\t<div class=\"elementor-element elementor-element-291d9807 elementor-widget elementor-widget-text-editor\" data-id=\"291d9807\" data-element_type=\"widget\" data-e-type=\"widget\" data-widget_type=\"text-editor.default\">\n\t\t\t\t<div class=\"elementor-widget-container\">\n\t\t\t\t\t\t\t\t\t<p><strong>Pol\u00edtica de privacidad de Ladies Beauty<\/strong><\/p><p>Acerca de nuestra pol\u00edtica de privacidad<\/p><p>Ladies Beauty se preocupa mucho por su privacidad. Por lo tanto, procesamos \u00fanicamente los datos que necesitamos para mejorar nuestros servicios y tratamos cuidadosamente la informaci\u00f3n que hemos recopilado sobre usted y su uso de nuestros servicios. Nunca proporcionamos sus datos con fines comerciales a terceros.<\/p><p>Esta pol\u00edtica de privacidad se aplica al uso del sitio web y los servicios proporcionados por Ladies Beauty. La fecha de entrada en vigencia de estas condiciones es el 04\/05\/2021, y con la publicaci\u00f3n de una nueva versi\u00f3n, la validez de todas las versiones anteriores expira. Esta pol\u00edtica de privacidad describe qu\u00e9 datos sobre usted recopilamos, para qu\u00e9 los utilizamos y con qui\u00e9n y en qu\u00e9 condiciones podr\u00edan compartirse con terceros. Tambi\u00e9n le explicamos c\u00f3mo almacenamos sus datos, c\u00f3mo protegemos sus datos contra el mal uso y qu\u00e9 derechos tiene con respecto a los datos personales que nos proporciona.<\/p><p>Si tiene preguntas sobre nuestra pol\u00edtica de privacidad, puede comunicarse con nuestro responsable de asuntos de privacidad cuyos datos de contacto se encuentran al final de nuestra pol\u00edtica de privacidad.<\/p><p>Sobre el procesamiento de datos<\/p><p>A continuaci\u00f3n, puede leer c\u00f3mo procesamos sus datos, d\u00f3nde los almacenamos, qu\u00e9 t\u00e9cnicas de seguridad utilizamos y qui\u00e9nes pueden acceder a los datos.<\/p><p>Software de tienda en l\u00ednea<\/p><p>MijnWebwinkel<\/p><p>Nuestra tienda en l\u00ednea est\u00e1 desarrollada con software de MyOnlineStore. Los datos personales que nos proporciona para nuestros servicios se comparten con esta empresa. MyOnlineStore tiene acceso a sus datos para brindarnos soporte t\u00e9cnico y nunca utilizar\u00e1 sus datos para otros fines. MyOnlineStore est\u00e1 obligado, en virtud del acuerdo que hemos firmado con ellos, a tomar medidas de seguridad adecuadas. MyOnlineStore utiliza cookies para recopilar informaci\u00f3n t\u00e9cnica sobre el uso de su software, no se recopilan ni almacenan datos personales.<\/p><p>Correo electr\u00f3nico y listas de correo<\/p><p>MailChimp<\/p><p>Nuestro sitio web utiliza MailChimp, un tercero que se encarga del correo electr\u00f3nico enviado desde nuestro sitio web y el env\u00edo de boletines informativos. Todos los correos de confirmaci\u00f3n que reciba de nuestro sitio web y formularios web se env\u00edan a trav\u00e9s de los servidores de MailChimp. MailChimp nunca utilizar\u00e1 su nombre y direcci\u00f3n de correo electr\u00f3nico para sus propios fines. En la parte inferior de cada correo electr\u00f3nico automatizado enviado a trav\u00e9s de nuestro sitio web, ver\u00e1 el enlace &#8220;darse de baja&#8221;. Si hace clic en \u00e9l, dejar\u00e1 de recibir correos electr\u00f3nicos de nuestro sitio web. \u00a1Esto puede reducir significativamente la funcionalidad de nuestro sitio web! Sus datos personales est\u00e1n protegidos y almacenados por MailChimp. MailChimp utiliza cookies y otras tecnolog\u00edas de Internet para rastrear si los correos electr\u00f3nicos se abren y leen. MailChimp se reserva el derecho de utilizar sus datos para mejorar a\u00fan m\u00e1s el servicio y compartir informaci\u00f3n con terceros en ese contexto.<\/p><p>Flexwebhosting<\/p><p>Para la correspondencia comercial regular, utilizamos los servicios de Flexwebhosting. Esta empresa ha implementado medidas t\u00e9cnicas y organizativas adecuadas para evitar el abuso, la p\u00e9rdida y la corrupci\u00f3n de sus datos y nuestros datos tanto como sea posible. Flexwebhosting no tiene acceso a nuestro buz\u00f3n y tratamos toda nuestra correspondencia por correo electr\u00f3nico de manera confidencial.<\/p><p>Procesadores de pagos<\/p><p>Mollie<\/p><p>Para procesar (parte de) los pagos en nuestra tienda en l\u00ednea, utilizamos la plataforma de Mollie. Mollie procesa su nombre, direcci\u00f3n y datos de residencia, as\u00ed como su informaci\u00f3n de pago, como su n\u00famero de cuenta bancaria o tarjeta de cr\u00e9dito. Mollie ha tomado medidas t\u00e9cnicas y organizativas adecuadas para proteger sus datos personales. Mollie se reserva el derecho de utilizar sus datos para mejorar el servicio y compartir datos (anonimizados) con terceros en ese contexto. Todas las garant\u00edas mencionadas anteriormente con respecto a la protecci\u00f3n de sus datos personales tambi\u00e9n se aplican a las partes del servicio de Mollie para las cuales ellos contratan a terceros. Mollie no conserva sus datos por m\u00e1s tiempo del permitido por los plazos legales.<\/p><p>Calificaciones<\/p><p>Env\u00edo y log\u00edstica<\/p><p>PostNL<\/p><p>Cuando realiza un pedido con nosotros, nuestra tarea es hacer que su paquete le sea entregado. Utilizamos los servicios de PostNL para realizar las entregas. Por lo tanto, es necesario que compartamos su nombre, direcci\u00f3n y datos de residencia con PostNL. PostNL utiliza estos datos solo para ejecutar el acuerdo. En caso de que PostNL subcontrate a terceros, tambi\u00e9n compartir\u00e1 sus datos con estas partes. Facturaci\u00f3n y contabilidad<\/p><p>Canales de venta externos<\/p><p>Objetivo del procesamiento de datos<\/p><p>Objetivo general del procesamiento<\/p><p>Utilizamos sus datos \u00fanicamente con el prop\u00f3sito de brindar nuestros servicios. Esto significa que el prop\u00f3sito del procesamiento siempre est\u00e1 directamente relacionado con el encargo que nos ha proporcionado. No utilizamos sus datos para marketing dirigido. Si comparte sus datos con nosotros y utilizamos estos datos para contactarlo m\u00e1s adelante, a menos que nos lo solicite, le pediremos su consentimiento expl\u00edcito. No compartimos sus datos con terceros, excepto para cumplir con las obligaciones contables y administrativas. Estos terceros est\u00e1n todos sujetos a la obligaci\u00f3n de confidencialidad en virtud del acuerdo entre ellos y nosotros o una obligaci\u00f3n legal o juramento.<\/p>\t\t\t\t\t\t\t\t<\/div>\n\t\t\t\t<\/div>\n\t\t\t\t\t<\/div>\n\t\t<\/div>\n\t\t\t\t\t<\/div>\n\t\t<\/section>\n\t\t\t\t<\/div>","protected":false},"excerpt":{"rendered":"<p>[fusion_builder_container type=&#8221;flex&#8221; hundred_percent=&#8221;no&#8221; equal_height_columns=&#8221;no&#8221; menu_anchor=&#8221;&#8221; hide_on_mobile=&#8221;small-visibility,medium-visibility,large-visibility&#8221; class=&#8221;&#8221; id=&#8221;&#8221; background_color=&#8221;&#8221; background_image=&#8221;&#8221; background_position=&#8221;center center&#8221; background_repeat=&#8221;no-repeat&#8221; fade=&#8221;no&#8221; background_parallax=&#8221;none&#8221; parallax_speed=&#8221;0.3&#8243; video_mp4=&#8221;&#8221; video_webm=&#8221;&#8221; video_ogv=&#8221;&#8221; video_url=&#8221;&#8221; video_aspect_ratio=&#8221;16:9&#8243; video_loop=&#8221;yes&#8221; video_mute=&#8221;yes&#8221; overlay_color=&#8221;&#8221; video_preview_image=&#8221;&#8221; border_color=&#8221;&#8221; border_style=&#8221;solid&#8221; padding_top=&#8221;&#8221; padding_bottom=&#8221;&#8221; padding_left=&#8221;&#8221; padding_right=&#8221;&#8221;][fusion_builder_row][fusion_builder_column type=&#8221;1_1&#8243; layout=&#8221;1_1&#8243; background_position=&#8221;left top&#8221; background_color=&#8221;&#8221; border_color=&#8221;&#8221; border_style=&#8221;solid&#8221; border_position=&#8221;all&#8221; spacing=&#8221;yes&#8221; background_image=&#8221;&#8221; background_repeat=&#8221;no-repeat&#8221; padding_top=&#8221;&#8221; padding_right=&#8221;&#8221; padding_bottom=&#8221;&#8221; padding_left=&#8221;&#8221; margin_top=&#8221;0px&#8221; margin_bottom=&#8221;0px&#8221; class=&#8221;&#8221; id=&#8221;&#8221; animation_type=&#8221;&#8221; animation_speed=&#8221;0.3&#8243; animation_direction=&#8221;left&#8221; hide_on_mobile=&#8221;small-visibility,medium-visibility,large-visibility&#8221; center_content=&#8221;no&#8221; [&hellip;]<\/p>\n","protected":false},"author":2,"featured_media":0,"parent":0,"menu_order":0,"comment_status":"closed","ping_status":"closed","template":"","meta":{"footnotes":""},"class_list":["post-2822","page","type-page","status-publish","hentry"],"yoast_head":"<!-- This site is optimized with the Yoast SEO plugin v27.3 - https:\/\/yoast.com\/product\/yoast-seo-wordpress\/ -->\n<title>Privacy policy - Ladies Beauty | Nagelstudio | Nagelsproducten<\/title>\n<meta name=\"robots\" content=\"index, follow, max-snippet:-1, max-image-preview:large, max-video-preview:-1\" \/>\n<link rel=\"canonical\" href=\"https:\/\/www.ladiesbeauty.nl\/es\/privacy-policy\/\" \/>\n<meta property=\"og:locale\" content=\"es_ES\" \/>\n<meta property=\"og:type\" content=\"article\" \/>\n<meta property=\"og:title\" content=\"Privacy policy - Ladies Beauty | Nagelstudio | Nagelsproducten\" \/>\n<meta property=\"og:description\" content=\"[fusion_builder_container type=&#8221;flex&#8221; hundred_percent=&#8221;no&#8221; equal_height_columns=&#8221;no&#8221; menu_anchor=&#8221;&#8221; hide_on_mobile=&#8221;small-visibility,medium-visibility,large-visibility&#8221; class=&#8221;&#8221; id=&#8221;&#8221; background_color=&#8221;&#8221; background_image=&#8221;&#8221; background_position=&#8221;center center&#8221; background_repeat=&#8221;no-repeat&#8221; fade=&#8221;no&#8221; background_parallax=&#8221;none&#8221; parallax_speed=&#8221;0.3&#8243; video_mp4=&#8221;&#8221; video_webm=&#8221;&#8221; video_ogv=&#8221;&#8221; video_url=&#8221;&#8221; video_aspect_ratio=&#8221;16:9&#8243; video_loop=&#8221;yes&#8221; video_mute=&#8221;yes&#8221; overlay_color=&#8221;&#8221; video_preview_image=&#8221;&#8221; border_color=&#8221;&#8221; border_style=&#8221;solid&#8221; padding_top=&#8221;&#8221; padding_bottom=&#8221;&#8221; padding_left=&#8221;&#8221; padding_right=&#8221;&#8221;][fusion_builder_row][fusion_builder_column type=&#8221;1_1&#8243; layout=&#8221;1_1&#8243; background_position=&#8221;left top&#8221; background_color=&#8221;&#8221; border_color=&#8221;&#8221; border_style=&#8221;solid&#8221; border_position=&#8221;all&#8221; spacing=&#8221;yes&#8221; background_image=&#8221;&#8221; background_repeat=&#8221;no-repeat&#8221; padding_top=&#8221;&#8221; padding_right=&#8221;&#8221; padding_bottom=&#8221;&#8221; padding_left=&#8221;&#8221; margin_top=&#8221;0px&#8221; margin_bottom=&#8221;0px&#8221; class=&#8221;&#8221; id=&#8221;&#8221; animation_type=&#8221;&#8221; animation_speed=&#8221;0.3&#8243; animation_direction=&#8221;left&#8221; hide_on_mobile=&#8221;small-visibility,medium-visibility,large-visibility&#8221; center_content=&#8221;no&#8221; [&hellip;]\" \/>\n<meta property=\"og:url\" content=\"https:\/\/www.ladiesbeauty.nl\/es\/privacy-policy\/\" \/>\n<meta property=\"og:site_name\" content=\"Ladies Beauty | Nagelstudio | Nagelsproducten\" \/>\n<meta property=\"article:publisher\" content=\"https:\/\/www.facebook.com\/ladiesbeauty.nl\/\" \/>\n<meta property=\"article:modified_time\" content=\"2023-11-27T13:05:00+00:00\" \/>\n<meta name=\"twitter:card\" content=\"summary_large_image\" \/>\n<meta name=\"twitter:label1\" content=\"Tiempo de lectura\" \/>\n\t<meta name=\"twitter:data1\" content=\"5 minutos\" \/>\n<script type=\"application\/ld+json\" class=\"yoast-schema-graph\">{\"@context\":\"https:\\\/\\\/schema.org\",\"@graph\":[{\"@type\":\"WebPage\",\"@id\":\"https:\\\/\\\/www.ladiesbeauty.nl\\\/privacy-policy\\\/\",\"url\":\"https:\\\/\\\/www.ladiesbeauty.nl\\\/privacy-policy\\\/\",\"name\":\"Privacy policy - Ladies Beauty | Nagelstudio | Nagelsproducten\",\"isPartOf\":{\"@id\":\"https:\\\/\\\/www.ladiesbeauty.nl\\\/#website\"},\"datePublished\":\"2023-08-03T09:25:46+00:00\",\"dateModified\":\"2023-11-27T13:05:00+00:00\",\"breadcrumb\":{\"@id\":\"https:\\\/\\\/www.ladiesbeauty.nl\\\/privacy-policy\\\/#breadcrumb\"},\"inLanguage\":\"es\",\"potentialAction\":[{\"@type\":\"ReadAction\",\"target\":[\"https:\\\/\\\/www.ladiesbeauty.nl\\\/privacy-policy\\\/\"]}]},{\"@type\":\"BreadcrumbList\",\"@id\":\"https:\\\/\\\/www.ladiesbeauty.nl\\\/privacy-policy\\\/#breadcrumb\",\"itemListElement\":[{\"@type\":\"ListItem\",\"position\":1,\"name\":\"Home\",\"item\":\"https:\\\/\\\/www.ladiesbeauty.nl\\\/\"},{\"@type\":\"ListItem\",\"position\":2,\"name\":\"Privacy policy\"}]},{\"@type\":\"WebSite\",\"@id\":\"https:\\\/\\\/www.ladiesbeauty.nl\\\/#website\",\"url\":\"https:\\\/\\\/www.ladiesbeauty.nl\\\/\",\"name\":\"Ladies Beauty | Nagelstudio | Nagelsproducten\",\"description\":\"NagelSalon | NagelStudio | Utrecht | Zeist| Nagelsproducten\",\"publisher\":{\"@id\":\"https:\\\/\\\/www.ladiesbeauty.nl\\\/#organization\"},\"potentialAction\":[{\"@type\":\"SearchAction\",\"target\":{\"@type\":\"EntryPoint\",\"urlTemplate\":\"https:\\\/\\\/www.ladiesbeauty.nl\\\/?s={search_term_string}\"},\"query-input\":{\"@type\":\"PropertyValueSpecification\",\"valueRequired\":true,\"valueName\":\"search_term_string\"}}],\"inLanguage\":\"es\"},{\"@type\":\"Organization\",\"@id\":\"https:\\\/\\\/www.ladiesbeauty.nl\\\/#organization\",\"name\":\"Ladies Beauty\",\"url\":\"https:\\\/\\\/www.ladiesbeauty.nl\\\/\",\"logo\":{\"@type\":\"ImageObject\",\"inLanguage\":\"es\",\"@id\":\"https:\\\/\\\/www.ladiesbeauty.nl\\\/#\\\/schema\\\/logo\\\/image\\\/\",\"url\":\"\",\"contentUrl\":\"\",\"caption\":\"Ladies Beauty\"},\"image\":{\"@id\":\"https:\\\/\\\/www.ladiesbeauty.nl\\\/#\\\/schema\\\/logo\\\/image\\\/\"},\"sameAs\":[\"https:\\\/\\\/www.facebook.com\\\/ladiesbeauty.nl\\\/\",\"https:\\\/\\\/www.instagram.com\\\/ladiesbeauty.nl\",\"https:\\\/\\\/nl.pinterest.com\\\/guedez1602\\\/_saved\\\/\"]}]}<\/script>\n<!-- \/ Yoast SEO plugin. -->","yoast_head_json":{"title":"Privacy policy - Ladies Beauty | Nagelstudio | Nagelsproducten","robots":{"index":"index","follow":"follow","max-snippet":"max-snippet:-1","max-image-preview":"max-image-preview:large","max-video-preview":"max-video-preview:-1"},"canonical":"https:\/\/www.ladiesbeauty.nl\/es\/privacy-policy\/","og_locale":"es_ES","og_type":"article","og_title":"Privacy policy - Ladies Beauty | Nagelstudio | Nagelsproducten","og_description":"[fusion_builder_container type=&#8221;flex&#8221; hundred_percent=&#8221;no&#8221; equal_height_columns=&#8221;no&#8221; menu_anchor=&#8221;&#8221; hide_on_mobile=&#8221;small-visibility,medium-visibility,large-visibility&#8221; class=&#8221;&#8221; id=&#8221;&#8221; background_color=&#8221;&#8221; background_image=&#8221;&#8221; background_position=&#8221;center center&#8221; background_repeat=&#8221;no-repeat&#8221; fade=&#8221;no&#8221; background_parallax=&#8221;none&#8221; parallax_speed=&#8221;0.3&#8243; video_mp4=&#8221;&#8221; video_webm=&#8221;&#8221; video_ogv=&#8221;&#8221; video_url=&#8221;&#8221; video_aspect_ratio=&#8221;16:9&#8243; video_loop=&#8221;yes&#8221; video_mute=&#8221;yes&#8221; overlay_color=&#8221;&#8221; video_preview_image=&#8221;&#8221; border_color=&#8221;&#8221; border_style=&#8221;solid&#8221; padding_top=&#8221;&#8221; padding_bottom=&#8221;&#8221; padding_left=&#8221;&#8221; padding_right=&#8221;&#8221;][fusion_builder_row][fusion_builder_column type=&#8221;1_1&#8243; layout=&#8221;1_1&#8243; background_position=&#8221;left top&#8221; background_color=&#8221;&#8221; border_color=&#8221;&#8221; border_style=&#8221;solid&#8221; border_position=&#8221;all&#8221; spacing=&#8221;yes&#8221; background_image=&#8221;&#8221; background_repeat=&#8221;no-repeat&#8221; padding_top=&#8221;&#8221; padding_right=&#8221;&#8221; padding_bottom=&#8221;&#8221; padding_left=&#8221;&#8221; margin_top=&#8221;0px&#8221; margin_bottom=&#8221;0px&#8221; class=&#8221;&#8221; id=&#8221;&#8221; animation_type=&#8221;&#8221; animation_speed=&#8221;0.3&#8243; animation_direction=&#8221;left&#8221; hide_on_mobile=&#8221;small-visibility,medium-visibility,large-visibility&#8221; center_content=&#8221;no&#8221; [&hellip;]","og_url":"https:\/\/www.ladiesbeauty.nl\/es\/privacy-policy\/","og_site_name":"Ladies Beauty | Nagelstudio | Nagelsproducten","article_publisher":"https:\/\/www.facebook.com\/ladiesbeauty.nl\/","article_modified_time":"2023-11-27T13:05:00+00:00","twitter_card":"summary_large_image","twitter_misc":{"Tiempo de lectura":"5 minutos"},"schema":{"@context":"https:\/\/schema.org","@graph":[{"@type":"WebPage","@id":"https:\/\/www.ladiesbeauty.nl\/privacy-policy\/","url":"https:\/\/www.ladiesbeauty.nl\/privacy-policy\/","name":"Privacy policy - Ladies Beauty | Nagelstudio | Nagelsproducten","isPartOf":{"@id":"https:\/\/www.ladiesbeauty.nl\/#website"},"datePublished":"2023-08-03T09:25:46+00:00","dateModified":"2023-11-27T13:05:00+00:00","breadcrumb":{"@id":"https:\/\/www.ladiesbeauty.nl\/privacy-policy\/#breadcrumb"},"inLanguage":"es","potentialAction":[{"@type":"ReadAction","target":["https:\/\/www.ladiesbeauty.nl\/privacy-policy\/"]}]},{"@type":"BreadcrumbList","@id":"https:\/\/www.ladiesbeauty.nl\/privacy-policy\/#breadcrumb","itemListElement":[{"@type":"ListItem","position":1,"name":"Home","item":"https:\/\/www.ladiesbeauty.nl\/"},{"@type":"ListItem","position":2,"name":"Privacy policy"}]},{"@type":"WebSite","@id":"https:\/\/www.ladiesbeauty.nl\/#website","url":"https:\/\/www.ladiesbeauty.nl\/","name":"Ladies Beauty | Nagelstudio | Nagelsproducten","description":"NagelSalon | NagelStudio | Utrecht | Zeist| Nagelsproducten","publisher":{"@id":"https:\/\/www.ladiesbeauty.nl\/#organization"},"potentialAction":[{"@type":"SearchAction","target":{"@type":"EntryPoint","urlTemplate":"https:\/\/www.ladiesbeauty.nl\/?s={search_term_string}"},"query-input":{"@type":"PropertyValueSpecification","valueRequired":true,"valueName":"search_term_string"}}],"inLanguage":"es"},{"@type":"Organization","@id":"https:\/\/www.ladiesbeauty.nl\/#organization","name":"Ladies Beauty","url":"https:\/\/www.ladiesbeauty.nl\/","logo":{"@type":"ImageObject","inLanguage":"es","@id":"https:\/\/www.ladiesbeauty.nl\/#\/schema\/logo\/image\/","url":"","contentUrl":"","caption":"Ladies Beauty"},"image":{"@id":"https:\/\/www.ladiesbeauty.nl\/#\/schema\/logo\/image\/"},"sameAs":["https:\/\/www.facebook.com\/ladiesbeauty.nl\/","https:\/\/www.instagram.com\/ladiesbeauty.nl","https:\/\/nl.pinterest.com\/guedez1602\/_saved\/"]}]}},"_links":{"self":[{"href":"https:\/\/www.ladiesbeauty.nl\/es\/wp-json\/wp\/v2\/pages\/2822","targetHints":{"allow":["GET"]}}],"collection":[{"href":"https:\/\/www.ladiesbeauty.nl\/es\/wp-json\/wp\/v2\/pages"}],"about":[{"href":"https:\/\/www.ladiesbeauty.nl\/es\/wp-json\/wp\/v2\/types\/page"}],"author":[{"embeddable":true,"href":"https:\/\/www.ladiesbeauty.nl\/es\/wp-json\/wp\/v2\/users\/2"}],"replies":[{"embeddable":true,"href":"https:\/\/www.ladiesbeauty.nl\/es\/wp-json\/wp\/v2\/comments?post=2822"}],"version-history":[{"count":14,"href":"https:\/\/www.ladiesbeauty.nl\/es\/wp-json\/wp\/v2\/pages\/2822\/revisions"}],"predecessor-version":[{"id":3074,"href":"https:\/\/www.ladiesbeauty.nl\/es\/wp-json\/wp\/v2\/pages\/2822\/revisions\/3074"}],"wp:attachment":[{"href":"https:\/\/www.ladiesbeauty.nl\/es\/wp-json\/wp\/v2\/media?parent=2822"}],"curies":[{"name":"wp","href":"https:\/\/api.w.org\/{rel}","templated":true}]}}