{"id":2830,"date":"2023-08-03T11:29:31","date_gmt":"2023-08-03T09:29:31","guid":{"rendered":"https:\/\/www.ladiesbeauty.nl\/?page_id=2830"},"modified":"2023-11-27T14:20:50","modified_gmt":"2023-11-27T13:20:50","slug":"juridisch","status":"publish","type":"page","link":"https:\/\/www.ladiesbeauty.nl\/es\/juridisch\/","title":{"rendered":"Juridisch"},"content":{"rendered":"\t\t<div data-elementor-type=\"wp-page\" data-elementor-id=\"2830\" class=\"elementor elementor-2830\" data-elementor-post-type=\"page\">\n\t\t\t\t\t\t<section class=\"elementor-section elementor-top-section elementor-element elementor-element-6ce0543 elementor-section-boxed elementor-section-height-default elementor-section-height-default\" data-id=\"6ce0543\" data-element_type=\"section\" data-e-type=\"section\">\n\t\t\t\t\t\t<div class=\"elementor-container elementor-column-gap-default\">\n\t\t\t\t\t<div class=\"elementor-column elementor-col-100 elementor-top-column elementor-element elementor-element-b29d0c4\" data-id=\"b29d0c4\" data-element_type=\"column\" data-e-type=\"column\">\n\t\t\t<div class=\"elementor-widget-wrap elementor-element-populated\">\n\t\t\t\t\t\t<div class=\"elementor-element elementor-element-d002a98 elementor-widget elementor-widget-text-editor\" data-id=\"d002a98\" data-element_type=\"widget\" data-e-type=\"widget\" data-widget_type=\"text-editor.default\">\n\t\t\t\t<div class=\"elementor-widget-container\">\n\t\t\t\t\t\t\t\t\t<ol>\n<li>Titularidad del sitio web<\/li>\n<\/ol>\n<p>Este sitio web es propiedad y est\u00e1 operado por [Nombre de la empresa]. Nuestra informaci\u00f3n de contacto se encuentra al final de este aviso legal.<\/p>\n<ol start=\"2\">\n<li>Propiedad intelectual<\/li>\n<\/ol>\n<p>Todos los contenidos y materiales presentes en este sitio web, incluidos, entre otros, textos, im\u00e1genes, logotipos, gr\u00e1ficos, iconos, videos, archivos de audio y software, est\u00e1n protegidos por derechos de autor, marcas registradas y otros derechos de propiedad intelectual que son propiedad de [Nombre de la empresa] o de terceros que nos han autorizado a utilizarlos. Usted no tiene permiso para copiar, reproducir, distribuir, modificar, mostrar p\u00fablicamente, transmitir o utilizar de cualquier otra forma dichos contenidos o materiales sin nuestro consentimiento previo por escrito o el consentimiento del titular de los derechos de autor correspondiente.<\/p>\n<ol start=\"3\">\n<li>Uso del sitio web<\/li>\n<\/ol>\n<p>Usted se compromete a utilizar este sitio web de acuerdo con la ley, la moral, el orden p\u00fablico y los t\u00e9rminos y condiciones establecidos en este aviso legal. Usted se abstendr\u00e1 de utilizar este sitio web con fines il\u00edcitos, fraudulentos, lesivos de derechos o intereses de terceros, o que de cualquier forma puedan da\u00f1ar, inutilizar, sobrecargar o deteriorar el sitio web o impedir su normal utilizaci\u00f3n.<\/p>\n<ol start=\"4\">\n<li>Enlaces a otros sitios web<\/li>\n<\/ol>\n<p>Este sitio web puede incluir enlaces a otros sitios web que no est\u00e1n bajo nuestro control. No somos responsables del contenido, la seguridad o las pr\u00e1cticas de privacidad de esos sitios web. Le recomendamos revisar las pol\u00edticas y pr\u00e1cticas de privacidad de esos sitios antes de proporcionar cualquier informaci\u00f3n personal o utilizarlos de alguna manera.<\/p>\n<ol start=\"5\">\n<li>Responsabilidad<\/li>\n<\/ol>\n<p>Nos esforzamos por garantizar que la informaci\u00f3n y los contenidos presentes en este sitio web sean precisos y actualizados. Sin embargo, no ofrecemos garant\u00edas de ninguna clase respecto a la exactitud, integridad, idoneidad o disponibilidad de la informaci\u00f3n proporcionada en este sitio. Usted asume la responsabilidad del uso que haga de la informaci\u00f3n proporcionada en este sitio web. No seremos responsables de ninguna p\u00e9rdida o da\u00f1o directo, indirecto o consecuente que surja del acceso o uso de este sitio web.<\/p>\n<ol start=\"6\">\n<li>Modificaciones<\/li>\n<\/ol>\n<p>Nos reservamos el derecho de modificar o actualizar este aviso legal en cualquier momento y sin previo aviso. Le recomendamos revisar peri\u00f3dicamente esta p\u00e1gina para estar informado de los cambios que se puedan haber realizado.<\/p>\n<ol start=\"7\">\n<li>Ley aplicable y jurisdicci\u00f3n<\/li>\n<\/ol>\n<p>Este aviso legal se rige por la legislaci\u00f3n de [pa\u00eds] y cualquier disputa que surja del mismo ser\u00e1 sometida a la jurisdicci\u00f3n de los tribunales de [ciudad].<\/p>\n<p>Si tiene alguna pregunta o inquietud sobre este aviso legal, por favor cont\u00e1ctenos a trav\u00e9s de los siguientes datos de contacto:<\/p>\n<p>Contacto: Ladies Beauty<br>Direcci\u00f3n Nijenheim 8305 3704TE Zeist Nederland<br>Tel: +316 19052284<br>e-mail: leidy@ladiesbeauty.nl<\/p>\n<p>Fecha de entrada en vigencia: 2020<\/p>\t\t\t\t\t\t\t\t<\/div>\n\t\t\t\t<\/div>\n\t\t\t\t\t<\/div>\n\t\t<\/div>\n\t\t\t\t\t<\/div>\n\t\t<\/section>\n\t\t\t\t<\/div>\n\t\t","protected":false},"excerpt":{"rendered":"<p>[fusion_builder_container type=&#8221;flex&#8221; hundred_percent=&#8221;no&#8221; equal_height_columns=&#8221;no&#8221; menu_anchor=&#8221;&#8221; hide_on_mobile=&#8221;small-visibility,medium-visibility,large-visibility&#8221; class=&#8221;&#8221; id=&#8221;&#8221; background_color=&#8221;&#8221; background_image=&#8221;&#8221; background_position=&#8221;center center&#8221; background_repeat=&#8221;no-repeat&#8221; fade=&#8221;no&#8221; background_parallax=&#8221;none&#8221; parallax_speed=&#8221;0.3&#8243; video_mp4=&#8221;&#8221; video_webm=&#8221;&#8221; video_ogv=&#8221;&#8221; video_url=&#8221;&#8221; video_aspect_ratio=&#8221;16:9&#8243; video_loop=&#8221;yes&#8221; video_mute=&#8221;yes&#8221; overlay_color=&#8221;&#8221; video_preview_image=&#8221;&#8221; border_color=&#8221;&#8221; border_style=&#8221;solid&#8221; padding_top=&#8221;&#8221; padding_bottom=&#8221;&#8221; padding_left=&#8221;&#8221; padding_right=&#8221;&#8221;][fusion_builder_row][fusion_builder_column type=&#8221;1_1&#8243; layout=&#8221;1_1&#8243; background_position=&#8221;left top&#8221; background_color=&#8221;&#8221; border_color=&#8221;&#8221; border_style=&#8221;solid&#8221; border_position=&#8221;all&#8221; spacing=&#8221;yes&#8221; background_image=&#8221;&#8221; background_repeat=&#8221;no-repeat&#8221; padding_top=&#8221;&#8221; padding_right=&#8221;&#8221; padding_bottom=&#8221;&#8221; padding_left=&#8221;&#8221; margin_top=&#8221;0px&#8221; margin_bottom=&#8221;0px&#8221; class=&#8221;&#8221; id=&#8221;&#8221; animation_type=&#8221;&#8221; animation_speed=&#8221;0.3&#8243; animation_direction=&#8221;left&#8221; hide_on_mobile=&#8221;small-visibility,medium-visibility,large-visibility&#8221; center_content=&#8221;no&#8221; [&hellip;]<\/p>\n","protected":false},"author":2,"featured_media":0,"parent":0,"menu_order":0,"comment_status":"closed","ping_status":"closed","template":"","meta":{"footnotes":""},"class_list":["post-2830","page","type-page","status-publish","hentry"],"yoast_head":"<!-- This site is optimized with the Yoast SEO plugin v27.3 - https:\/\/yoast.com\/product\/yoast-seo-wordpress\/ -->\n<title>Juridisch - Ladies Beauty | Nagelstudio | Nagelsproducten<\/title>\n<meta name=\"robots\" content=\"index, follow, max-snippet:-1, max-image-preview:large, max-video-preview:-1\" \/>\n<link rel=\"canonical\" href=\"https:\/\/www.ladiesbeauty.nl\/es\/juridisch\/\" \/>\n<meta property=\"og:locale\" content=\"es_ES\" \/>\n<meta property=\"og:type\" content=\"article\" \/>\n<meta property=\"og:title\" content=\"Juridisch - Ladies Beauty | Nagelstudio | Nagelsproducten\" \/>\n<meta property=\"og:description\" content=\"[fusion_builder_container type=&#8221;flex&#8221; hundred_percent=&#8221;no&#8221; equal_height_columns=&#8221;no&#8221; menu_anchor=&#8221;&#8221; hide_on_mobile=&#8221;small-visibility,medium-visibility,large-visibility&#8221; class=&#8221;&#8221; id=&#8221;&#8221; background_color=&#8221;&#8221; background_image=&#8221;&#8221; background_position=&#8221;center center&#8221; background_repeat=&#8221;no-repeat&#8221; fade=&#8221;no&#8221; background_parallax=&#8221;none&#8221; parallax_speed=&#8221;0.3&#8243; video_mp4=&#8221;&#8221; video_webm=&#8221;&#8221; video_ogv=&#8221;&#8221; video_url=&#8221;&#8221; video_aspect_ratio=&#8221;16:9&#8243; video_loop=&#8221;yes&#8221; video_mute=&#8221;yes&#8221; overlay_color=&#8221;&#8221; video_preview_image=&#8221;&#8221; border_color=&#8221;&#8221; border_style=&#8221;solid&#8221; padding_top=&#8221;&#8221; padding_bottom=&#8221;&#8221; padding_left=&#8221;&#8221; padding_right=&#8221;&#8221;][fusion_builder_row][fusion_builder_column type=&#8221;1_1&#8243; layout=&#8221;1_1&#8243; background_position=&#8221;left top&#8221; background_color=&#8221;&#8221; border_color=&#8221;&#8221; border_style=&#8221;solid&#8221; border_position=&#8221;all&#8221; spacing=&#8221;yes&#8221; background_image=&#8221;&#8221; background_repeat=&#8221;no-repeat&#8221; padding_top=&#8221;&#8221; padding_right=&#8221;&#8221; padding_bottom=&#8221;&#8221; padding_left=&#8221;&#8221; margin_top=&#8221;0px&#8221; margin_bottom=&#8221;0px&#8221; class=&#8221;&#8221; id=&#8221;&#8221; animation_type=&#8221;&#8221; animation_speed=&#8221;0.3&#8243; animation_direction=&#8221;left&#8221; hide_on_mobile=&#8221;small-visibility,medium-visibility,large-visibility&#8221; center_content=&#8221;no&#8221; [&hellip;]\" \/>\n<meta property=\"og:url\" content=\"https:\/\/www.ladiesbeauty.nl\/es\/juridisch\/\" \/>\n<meta property=\"og:site_name\" content=\"Ladies Beauty | Nagelstudio | Nagelsproducten\" \/>\n<meta property=\"article:publisher\" content=\"https:\/\/www.facebook.com\/ladiesbeauty.nl\/\" \/>\n<meta property=\"article:modified_time\" content=\"2023-11-27T13:20:50+00:00\" \/>\n<meta name=\"twitter:card\" content=\"summary_large_image\" \/>\n<meta name=\"twitter:label1\" content=\"Tiempo de lectura\" \/>\n\t<meta name=\"twitter:data1\" content=\"3 minutos\" \/>\n<script type=\"application\/ld+json\" class=\"yoast-schema-graph\">{\"@context\":\"https:\\\/\\\/schema.org\",\"@graph\":[{\"@type\":\"WebPage\",\"@id\":\"https:\\\/\\\/www.ladiesbeauty.nl\\\/juridisch\\\/\",\"url\":\"https:\\\/\\\/www.ladiesbeauty.nl\\\/juridisch\\\/\",\"name\":\"Juridisch - Ladies Beauty | Nagelstudio | Nagelsproducten\",\"isPartOf\":{\"@id\":\"https:\\\/\\\/www.ladiesbeauty.nl\\\/#website\"},\"datePublished\":\"2023-08-03T09:29:31+00:00\",\"dateModified\":\"2023-11-27T13:20:50+00:00\",\"breadcrumb\":{\"@id\":\"https:\\\/\\\/www.ladiesbeauty.nl\\\/juridisch\\\/#breadcrumb\"},\"inLanguage\":\"es\",\"potentialAction\":[{\"@type\":\"ReadAction\",\"target\":[\"https:\\\/\\\/www.ladiesbeauty.nl\\\/juridisch\\\/\"]}]},{\"@type\":\"BreadcrumbList\",\"@id\":\"https:\\\/\\\/www.ladiesbeauty.nl\\\/juridisch\\\/#breadcrumb\",\"itemListElement\":[{\"@type\":\"ListItem\",\"position\":1,\"name\":\"Home\",\"item\":\"https:\\\/\\\/www.ladiesbeauty.nl\\\/\"},{\"@type\":\"ListItem\",\"position\":2,\"name\":\"Juridisch\"}]},{\"@type\":\"WebSite\",\"@id\":\"https:\\\/\\\/www.ladiesbeauty.nl\\\/#website\",\"url\":\"https:\\\/\\\/www.ladiesbeauty.nl\\\/\",\"name\":\"Ladies Beauty | Nagelstudio | Nagelsproducten\",\"description\":\"NagelSalon | NagelStudio | Utrecht | Zeist| Nagelsproducten\",\"publisher\":{\"@id\":\"https:\\\/\\\/www.ladiesbeauty.nl\\\/#organization\"},\"potentialAction\":[{\"@type\":\"SearchAction\",\"target\":{\"@type\":\"EntryPoint\",\"urlTemplate\":\"https:\\\/\\\/www.ladiesbeauty.nl\\\/?s={search_term_string}\"},\"query-input\":{\"@type\":\"PropertyValueSpecification\",\"valueRequired\":true,\"valueName\":\"search_term_string\"}}],\"inLanguage\":\"es\"},{\"@type\":\"Organization\",\"@id\":\"https:\\\/\\\/www.ladiesbeauty.nl\\\/#organization\",\"name\":\"Ladies Beauty\",\"url\":\"https:\\\/\\\/www.ladiesbeauty.nl\\\/\",\"logo\":{\"@type\":\"ImageObject\",\"inLanguage\":\"es\",\"@id\":\"https:\\\/\\\/www.ladiesbeauty.nl\\\/#\\\/schema\\\/logo\\\/image\\\/\",\"url\":\"\",\"contentUrl\":\"\",\"caption\":\"Ladies Beauty\"},\"image\":{\"@id\":\"https:\\\/\\\/www.ladiesbeauty.nl\\\/#\\\/schema\\\/logo\\\/image\\\/\"},\"sameAs\":[\"https:\\\/\\\/www.facebook.com\\\/ladiesbeauty.nl\\\/\",\"https:\\\/\\\/www.instagram.com\\\/ladiesbeauty.nl\",\"https:\\\/\\\/nl.pinterest.com\\\/guedez1602\\\/_saved\\\/\"]}]}<\/script>\n<!-- \/ Yoast SEO plugin. -->","yoast_head_json":{"title":"Juridisch - Ladies Beauty | Nagelstudio | Nagelsproducten","robots":{"index":"index","follow":"follow","max-snippet":"max-snippet:-1","max-image-preview":"max-image-preview:large","max-video-preview":"max-video-preview:-1"},"canonical":"https:\/\/www.ladiesbeauty.nl\/es\/juridisch\/","og_locale":"es_ES","og_type":"article","og_title":"Juridisch - Ladies Beauty | Nagelstudio | Nagelsproducten","og_description":"[fusion_builder_container type=&#8221;flex&#8221; hundred_percent=&#8221;no&#8221; equal_height_columns=&#8221;no&#8221; menu_anchor=&#8221;&#8221; hide_on_mobile=&#8221;small-visibility,medium-visibility,large-visibility&#8221; class=&#8221;&#8221; id=&#8221;&#8221; background_color=&#8221;&#8221; background_image=&#8221;&#8221; background_position=&#8221;center center&#8221; background_repeat=&#8221;no-repeat&#8221; fade=&#8221;no&#8221; background_parallax=&#8221;none&#8221; parallax_speed=&#8221;0.3&#8243; video_mp4=&#8221;&#8221; video_webm=&#8221;&#8221; video_ogv=&#8221;&#8221; video_url=&#8221;&#8221; video_aspect_ratio=&#8221;16:9&#8243; video_loop=&#8221;yes&#8221; video_mute=&#8221;yes&#8221; overlay_color=&#8221;&#8221; video_preview_image=&#8221;&#8221; border_color=&#8221;&#8221; border_style=&#8221;solid&#8221; padding_top=&#8221;&#8221; padding_bottom=&#8221;&#8221; padding_left=&#8221;&#8221; padding_right=&#8221;&#8221;][fusion_builder_row][fusion_builder_column type=&#8221;1_1&#8243; layout=&#8221;1_1&#8243; background_position=&#8221;left top&#8221; background_color=&#8221;&#8221; border_color=&#8221;&#8221; border_style=&#8221;solid&#8221; border_position=&#8221;all&#8221; spacing=&#8221;yes&#8221; background_image=&#8221;&#8221; background_repeat=&#8221;no-repeat&#8221; padding_top=&#8221;&#8221; padding_right=&#8221;&#8221; padding_bottom=&#8221;&#8221; padding_left=&#8221;&#8221; margin_top=&#8221;0px&#8221; margin_bottom=&#8221;0px&#8221; class=&#8221;&#8221; id=&#8221;&#8221; animation_type=&#8221;&#8221; animation_speed=&#8221;0.3&#8243; animation_direction=&#8221;left&#8221; hide_on_mobile=&#8221;small-visibility,medium-visibility,large-visibility&#8221; center_content=&#8221;no&#8221; [&hellip;]","og_url":"https:\/\/www.ladiesbeauty.nl\/es\/juridisch\/","og_site_name":"Ladies Beauty | Nagelstudio | Nagelsproducten","article_publisher":"https:\/\/www.facebook.com\/ladiesbeauty.nl\/","article_modified_time":"2023-11-27T13:20:50+00:00","twitter_card":"summary_large_image","twitter_misc":{"Tiempo de lectura":"3 minutos"},"schema":{"@context":"https:\/\/schema.org","@graph":[{"@type":"WebPage","@id":"https:\/\/www.ladiesbeauty.nl\/juridisch\/","url":"https:\/\/www.ladiesbeauty.nl\/juridisch\/","name":"Juridisch - Ladies Beauty | Nagelstudio | Nagelsproducten","isPartOf":{"@id":"https:\/\/www.ladiesbeauty.nl\/#website"},"datePublished":"2023-08-03T09:29:31+00:00","dateModified":"2023-11-27T13:20:50+00:00","breadcrumb":{"@id":"https:\/\/www.ladiesbeauty.nl\/juridisch\/#breadcrumb"},"inLanguage":"es","potentialAction":[{"@type":"ReadAction","target":["https:\/\/www.ladiesbeauty.nl\/juridisch\/"]}]},{"@type":"BreadcrumbList","@id":"https:\/\/www.ladiesbeauty.nl\/juridisch\/#breadcrumb","itemListElement":[{"@type":"ListItem","position":1,"name":"Home","item":"https:\/\/www.ladiesbeauty.nl\/"},{"@type":"ListItem","position":2,"name":"Juridisch"}]},{"@type":"WebSite","@id":"https:\/\/www.ladiesbeauty.nl\/#website","url":"https:\/\/www.ladiesbeauty.nl\/","name":"Ladies Beauty | Nagelstudio | Nagelsproducten","description":"NagelSalon | NagelStudio | Utrecht | Zeist| Nagelsproducten","publisher":{"@id":"https:\/\/www.ladiesbeauty.nl\/#organization"},"potentialAction":[{"@type":"SearchAction","target":{"@type":"EntryPoint","urlTemplate":"https:\/\/www.ladiesbeauty.nl\/?s={search_term_string}"},"query-input":{"@type":"PropertyValueSpecification","valueRequired":true,"valueName":"search_term_string"}}],"inLanguage":"es"},{"@type":"Organization","@id":"https:\/\/www.ladiesbeauty.nl\/#organization","name":"Ladies Beauty","url":"https:\/\/www.ladiesbeauty.nl\/","logo":{"@type":"ImageObject","inLanguage":"es","@id":"https:\/\/www.ladiesbeauty.nl\/#\/schema\/logo\/image\/","url":"","contentUrl":"","caption":"Ladies Beauty"},"image":{"@id":"https:\/\/www.ladiesbeauty.nl\/#\/schema\/logo\/image\/"},"sameAs":["https:\/\/www.facebook.com\/ladiesbeauty.nl\/","https:\/\/www.instagram.com\/ladiesbeauty.nl","https:\/\/nl.pinterest.com\/guedez1602\/_saved\/"]}]}},"_links":{"self":[{"href":"https:\/\/www.ladiesbeauty.nl\/es\/wp-json\/wp\/v2\/pages\/2830","targetHints":{"allow":["GET"]}}],"collection":[{"href":"https:\/\/www.ladiesbeauty.nl\/es\/wp-json\/wp\/v2\/pages"}],"about":[{"href":"https:\/\/www.ladiesbeauty.nl\/es\/wp-json\/wp\/v2\/types\/page"}],"author":[{"embeddable":true,"href":"https:\/\/www.ladiesbeauty.nl\/es\/wp-json\/wp\/v2\/users\/2"}],"replies":[{"embeddable":true,"href":"https:\/\/www.ladiesbeauty.nl\/es\/wp-json\/wp\/v2\/comments?post=2830"}],"version-history":[{"count":18,"href":"https:\/\/www.ladiesbeauty.nl\/es\/wp-json\/wp\/v2\/pages\/2830\/revisions"}],"predecessor-version":[{"id":3080,"href":"https:\/\/www.ladiesbeauty.nl\/es\/wp-json\/wp\/v2\/pages\/2830\/revisions\/3080"}],"wp:attachment":[{"href":"https:\/\/www.ladiesbeauty.nl\/es\/wp-json\/wp\/v2\/media?parent=2830"}],"curies":[{"name":"wp","href":"https:\/\/api.w.org\/{rel}","templated":true}]}}