{"id":2850,"date":"2023-08-03T11:37:01","date_gmt":"2023-08-03T09:37:01","guid":{"rendered":"https:\/\/www.ladiesbeauty.nl\/?page_id=2850"},"modified":"2023-11-27T14:05:51","modified_gmt":"2023-11-27T13:05:51","slug":"cookies-policy","status":"publish","type":"page","link":"https:\/\/www.ladiesbeauty.nl\/nl_nl\/cookies-policy\/","title":{"rendered":"Cookies Policy"},"content":{"rendered":"\t\t<div data-elementor-type=\"wp-page\" data-elementor-id=\"2850\" class=\"elementor elementor-2850\" data-elementor-post-type=\"page\">\n\t\t\t\t\t\t<section class=\"elementor-section elementor-top-section elementor-element elementor-element-3aea53b elementor-section-boxed elementor-section-height-default elementor-section-height-default\" data-id=\"3aea53b\" data-element_type=\"section\" data-e-type=\"section\">\n\t\t\t\t\t\t<div class=\"elementor-container elementor-column-gap-default\">\n\t\t\t\t\t<div class=\"elementor-column elementor-col-100 elementor-top-column elementor-element elementor-element-b8f8da3\" data-id=\"b8f8da3\" data-element_type=\"column\" data-e-type=\"column\">\n\t\t\t<div class=\"elementor-widget-wrap elementor-element-populated\">\n\t\t\t\t\t\t<div class=\"elementor-element elementor-element-69ca2e5 elementor-widget elementor-widget-text-editor\" data-id=\"69ca2e5\" data-element_type=\"widget\" data-e-type=\"widget\" data-widget_type=\"text-editor.default\">\n\t\t\t\t<div class=\"elementor-widget-container\">\n\t\t\t\t\t\t\t\t\t<p>Esta Pol\u00edtica de Cookies explica c\u00f3mo [Nombre de la empresa] utiliza cookies y tecnolog\u00edas similares en nuestro sitio web. Al utilizar nuestro sitio web, usted acepta el uso de cookies de acuerdo con esta pol\u00edtica. Si no acepta el uso de cookies, le recomendamos que ajuste la configuraci\u00f3n de su navegador o que no utilice nuestro sitio web.<\/p>\n<ol>\n<li>\u00bfQu\u00e9 son las cookies?<\/li>\n<\/ol>\n<p>Las cookies son peque\u00f1os archivos de texto que se almacenan en su dispositivo (como su computadora, tel\u00e9fono m\u00f3vil o tablet) cuando visita nuestro sitio web. Estas cookies se utilizan para recopilar informaci\u00f3n sobre c\u00f3mo interact\u00faa con nuestro sitio y para recordar ciertos datos para facilitar su experiencia de navegaci\u00f3n.<\/p>\n<ol start=\"2\">\n<li>\u00bfQu\u00e9 tipo de cookies utilizamos?<\/li>\n<\/ol>\n<p>Utilizamos dos tipos de cookies en nuestro sitio web:<\/p>\n<p>a. Cookies esenciales: Estas cookies son necesarias para permitir la funcionalidad b\u00e1sica del sitio web y para garantizar que funcione correctamente. No recopilan informaci\u00f3n personal sobre usted y no pueden ser desactivadas.<\/p>\n<p>b. Cookies de rendimiento y an\u00e1lisis: Estas cookies nos permiten recopilar informaci\u00f3n sobre c\u00f3mo los visitantes utilizan nuestro sitio web, qu\u00e9 p\u00e1ginas visitan con m\u00e1s frecuencia y si encuentran alg\u00fan error en el sitio. Utilizamos esta informaci\u00f3n para mejorar nuestro sitio web y para realizar an\u00e1lisis estad\u00edsticos. Estas cookies no recopilan informaci\u00f3n personal y pueden ser desactivadas.<\/p>\n<ol start=\"3\">\n<li>\u00bfC\u00f3mo puede controlar las cookies?<\/li>\n<\/ol>\n<p>Usted tiene la opci\u00f3n de aceptar o rechazar el uso de cookies en nuestro sitio web. Puede cambiar la configuraci\u00f3n de su navegador para bloquear o eliminar cookies en cualquier momento. Tenga en cuenta que si bloquea o elimina cookies, es posible que algunas partes de nuestro sitio web no funcionen correctamente.<\/p>\n<p>Adem\u00e1s, puede ajustar la configuraci\u00f3n de cookies espec\u00edficas de nuestro sitio web a trav\u00e9s de la funci\u00f3n &#8220;Configuraci\u00f3n de cookies&#8221; que aparece en la parte inferior de la p\u00e1gina. Desde all\u00ed, puede habilitar o deshabilitar diferentes tipos de cookies seg\u00fan sus preferencias.<\/p>\n<ol start=\"4\">\n<li>\u00bfC\u00f3mo utilizamos los datos recopilados a trav\u00e9s de las cookies?<\/li>\n<\/ol>\n<p>La informaci\u00f3n recopilada a trav\u00e9s de cookies no se utilizar\u00e1 para identificar personalmente a los visitantes de nuestro sitio web. Utilizamos esta informaci\u00f3n de manera agregada y an\u00f3nima para mejorar nuestro sitio web y para realizar an\u00e1lisis estad\u00edsticos.<\/p>\n<ol start=\"5\">\n<li>Enlaces a sitios web de terceros<\/li>\n<\/ol>\n<p>Nuestro sitio web puede contener enlaces a sitios web de terceros que tienen sus propias pol\u00edticas de cookies. No tenemos control sobre estas cookies y no somos responsables de las pr\u00e1cticas de privacidad o el contenido de sitios web de terceros.<\/p>\n<ol start=\"6\">\n<li>Cambios en la Pol\u00edtica de Cookies<\/li>\n<\/ol>\n<p>Nos reservamos el derecho de modificar o actualizar esta Pol\u00edtica de Cookies en cualquier momento y sin previo aviso. Le recomendamos revisar peri\u00f3dicamente esta p\u00e1gina para estar informado de los cambios que se puedan haber realizado.<\/p>\n<p>Si tiene alguna pregunta o inquietud sobre nuestra Pol\u00edtica de Cookies, por favor cont\u00e1ctenos a trav\u00e9s de los siguientes datos de contacto:<\/p>\n<p>Contacto: Ladies Beauty<br>Direcci\u00f3n Nijenheim 8305 3704TE Zeist Nederland<br>Tel: +316 19052284<br>e-mail: leidy@ladiesbeauty.nl<\/p>\n<p>Fecha de entrada en vigencia: 2020<\/p>\t\t\t\t\t\t\t\t<\/div>\n\t\t\t\t<\/div>\n\t\t\t\t\t<\/div>\n\t\t<\/div>\n\t\t\t\t\t<\/div>\n\t\t<\/section>\n\t\t\t\t<\/div>\n\t\t","protected":false},"excerpt":{"rendered":"<p>[fusion_builder_container type=&#8221;flex&#8221; hundred_percent=&#8221;no&#8221; equal_height_columns=&#8221;no&#8221; menu_anchor=&#8221;&#8221; hide_on_mobile=&#8221;small-visibility,medium-visibility,large-visibility&#8221; class=&#8221;&#8221; id=&#8221;&#8221; background_color=&#8221;&#8221; background_image=&#8221;&#8221; background_position=&#8221;center center&#8221; background_repeat=&#8221;no-repeat&#8221; fade=&#8221;no&#8221; background_parallax=&#8221;none&#8221; parallax_speed=&#8221;0.3&#8243; video_mp4=&#8221;&#8221; video_webm=&#8221;&#8221; video_ogv=&#8221;&#8221; video_url=&#8221;&#8221; video_aspect_ratio=&#8221;16:9&#8243; video_loop=&#8221;yes&#8221; video_mute=&#8221;yes&#8221; overlay_color=&#8221;&#8221; video_preview_image=&#8221;&#8221; border_color=&#8221;&#8221; border_style=&#8221;solid&#8221; padding_top=&#8221;&#8221; padding_bottom=&#8221;&#8221; padding_left=&#8221;&#8221; padding_right=&#8221;&#8221;][fusion_builder_row][fusion_builder_column type=&#8221;1_1&#8243; layout=&#8221;1_1&#8243; background_position=&#8221;left top&#8221; background_color=&#8221;&#8221; border_color=&#8221;&#8221; border_style=&#8221;solid&#8221; border_position=&#8221;all&#8221; spacing=&#8221;yes&#8221; background_image=&#8221;&#8221; background_repeat=&#8221;no-repeat&#8221; padding_top=&#8221;&#8221; padding_right=&#8221;&#8221; padding_bottom=&#8221;&#8221; padding_left=&#8221;&#8221; margin_top=&#8221;0px&#8221; margin_bottom=&#8221;0px&#8221; class=&#8221;&#8221; id=&#8221;&#8221; animation_type=&#8221;&#8221; animation_speed=&#8221;0.3&#8243; animation_direction=&#8221;left&#8221; hide_on_mobile=&#8221;small-visibility,medium-visibility,large-visibility&#8221; center_content=&#8221;no&#8221; [&hellip;]<\/p>\n","protected":false},"author":2,"featured_media":0,"parent":0,"menu_order":0,"comment_status":"closed","ping_status":"closed","template":"","meta":{"footnotes":""},"class_list":["post-2850","page","type-page","status-publish","hentry"],"yoast_head":"<!-- This site is optimized with the Yoast SEO plugin v27.3 - https:\/\/yoast.com\/product\/yoast-seo-wordpress\/ -->\n<title>Cookies Policy - Ladies Beauty | Nagelstudio | Nagelsproducten<\/title>\n<meta name=\"robots\" content=\"index, follow, max-snippet:-1, max-image-preview:large, max-video-preview:-1\" \/>\n<link rel=\"canonical\" href=\"https:\/\/www.ladiesbeauty.nl\/nl_nl\/cookies-policy\/\" \/>\n<meta property=\"og:locale\" content=\"nl_NL\" \/>\n<meta property=\"og:type\" content=\"article\" \/>\n<meta property=\"og:title\" content=\"Cookies Policy - Ladies Beauty | Nagelstudio | Nagelsproducten\" \/>\n<meta property=\"og:description\" content=\"[fusion_builder_container type=&#8221;flex&#8221; hundred_percent=&#8221;no&#8221; equal_height_columns=&#8221;no&#8221; menu_anchor=&#8221;&#8221; hide_on_mobile=&#8221;small-visibility,medium-visibility,large-visibility&#8221; class=&#8221;&#8221; id=&#8221;&#8221; background_color=&#8221;&#8221; background_image=&#8221;&#8221; background_position=&#8221;center center&#8221; background_repeat=&#8221;no-repeat&#8221; fade=&#8221;no&#8221; background_parallax=&#8221;none&#8221; parallax_speed=&#8221;0.3&#8243; video_mp4=&#8221;&#8221; video_webm=&#8221;&#8221; video_ogv=&#8221;&#8221; video_url=&#8221;&#8221; video_aspect_ratio=&#8221;16:9&#8243; video_loop=&#8221;yes&#8221; video_mute=&#8221;yes&#8221; overlay_color=&#8221;&#8221; video_preview_image=&#8221;&#8221; border_color=&#8221;&#8221; border_style=&#8221;solid&#8221; padding_top=&#8221;&#8221; padding_bottom=&#8221;&#8221; padding_left=&#8221;&#8221; padding_right=&#8221;&#8221;][fusion_builder_row][fusion_builder_column type=&#8221;1_1&#8243; layout=&#8221;1_1&#8243; background_position=&#8221;left top&#8221; background_color=&#8221;&#8221; border_color=&#8221;&#8221; border_style=&#8221;solid&#8221; border_position=&#8221;all&#8221; spacing=&#8221;yes&#8221; background_image=&#8221;&#8221; background_repeat=&#8221;no-repeat&#8221; padding_top=&#8221;&#8221; padding_right=&#8221;&#8221; padding_bottom=&#8221;&#8221; padding_left=&#8221;&#8221; margin_top=&#8221;0px&#8221; margin_bottom=&#8221;0px&#8221; class=&#8221;&#8221; id=&#8221;&#8221; animation_type=&#8221;&#8221; animation_speed=&#8221;0.3&#8243; animation_direction=&#8221;left&#8221; hide_on_mobile=&#8221;small-visibility,medium-visibility,large-visibility&#8221; center_content=&#8221;no&#8221; [&hellip;]\" \/>\n<meta property=\"og:url\" content=\"https:\/\/www.ladiesbeauty.nl\/nl_nl\/cookies-policy\/\" \/>\n<meta property=\"og:site_name\" content=\"Ladies Beauty | Nagelstudio | Nagelsproducten\" \/>\n<meta property=\"article:publisher\" content=\"https:\/\/www.facebook.com\/ladiesbeauty.nl\/\" \/>\n<meta property=\"article:modified_time\" content=\"2023-11-27T13:05:51+00:00\" \/>\n<meta name=\"twitter:card\" content=\"summary_large_image\" \/>\n<meta name=\"twitter:label1\" content=\"Geschatte leestijd\" \/>\n\t<meta name=\"twitter:data1\" content=\"3 minuten\" \/>\n<script type=\"application\/ld+json\" class=\"yoast-schema-graph\">{\"@context\":\"https:\\\/\\\/schema.org\",\"@graph\":[{\"@type\":\"WebPage\",\"@id\":\"https:\\\/\\\/www.ladiesbeauty.nl\\\/cookies-policy\\\/\",\"url\":\"https:\\\/\\\/www.ladiesbeauty.nl\\\/cookies-policy\\\/\",\"name\":\"Cookies Policy - Ladies Beauty | Nagelstudio | Nagelsproducten\",\"isPartOf\":{\"@id\":\"https:\\\/\\\/www.ladiesbeauty.nl\\\/#website\"},\"datePublished\":\"2023-08-03T09:37:01+00:00\",\"dateModified\":\"2023-11-27T13:05:51+00:00\",\"breadcrumb\":{\"@id\":\"https:\\\/\\\/www.ladiesbeauty.nl\\\/cookies-policy\\\/#breadcrumb\"},\"inLanguage\":\"nl-NL\",\"potentialAction\":[{\"@type\":\"ReadAction\",\"target\":[\"https:\\\/\\\/www.ladiesbeauty.nl\\\/cookies-policy\\\/\"]}]},{\"@type\":\"BreadcrumbList\",\"@id\":\"https:\\\/\\\/www.ladiesbeauty.nl\\\/cookies-policy\\\/#breadcrumb\",\"itemListElement\":[{\"@type\":\"ListItem\",\"position\":1,\"name\":\"Home\",\"item\":\"https:\\\/\\\/www.ladiesbeauty.nl\\\/\"},{\"@type\":\"ListItem\",\"position\":2,\"name\":\"Cookies Policy\"}]},{\"@type\":\"WebSite\",\"@id\":\"https:\\\/\\\/www.ladiesbeauty.nl\\\/#website\",\"url\":\"https:\\\/\\\/www.ladiesbeauty.nl\\\/\",\"name\":\"Ladies Beauty | Nagelstudio | Nagelsproducten\",\"description\":\"NagelSalon | NagelStudio | Utrecht | Zeist| Nagelsproducten\",\"publisher\":{\"@id\":\"https:\\\/\\\/www.ladiesbeauty.nl\\\/#organization\"},\"potentialAction\":[{\"@type\":\"SearchAction\",\"target\":{\"@type\":\"EntryPoint\",\"urlTemplate\":\"https:\\\/\\\/www.ladiesbeauty.nl\\\/?s={search_term_string}\"},\"query-input\":{\"@type\":\"PropertyValueSpecification\",\"valueRequired\":true,\"valueName\":\"search_term_string\"}}],\"inLanguage\":\"nl-NL\"},{\"@type\":\"Organization\",\"@id\":\"https:\\\/\\\/www.ladiesbeauty.nl\\\/#organization\",\"name\":\"Ladies Beauty\",\"url\":\"https:\\\/\\\/www.ladiesbeauty.nl\\\/\",\"logo\":{\"@type\":\"ImageObject\",\"inLanguage\":\"nl-NL\",\"@id\":\"https:\\\/\\\/www.ladiesbeauty.nl\\\/#\\\/schema\\\/logo\\\/image\\\/\",\"url\":\"\",\"contentUrl\":\"\",\"caption\":\"Ladies Beauty\"},\"image\":{\"@id\":\"https:\\\/\\\/www.ladiesbeauty.nl\\\/#\\\/schema\\\/logo\\\/image\\\/\"},\"sameAs\":[\"https:\\\/\\\/www.facebook.com\\\/ladiesbeauty.nl\\\/\",\"https:\\\/\\\/www.instagram.com\\\/ladiesbeauty.nl\",\"https:\\\/\\\/nl.pinterest.com\\\/guedez1602\\\/_saved\\\/\"]}]}<\/script>\n<!-- \/ Yoast SEO plugin. -->","yoast_head_json":{"title":"Cookies Policy - Ladies Beauty | Nagelstudio | Nagelsproducten","robots":{"index":"index","follow":"follow","max-snippet":"max-snippet:-1","max-image-preview":"max-image-preview:large","max-video-preview":"max-video-preview:-1"},"canonical":"https:\/\/www.ladiesbeauty.nl\/nl_nl\/cookies-policy\/","og_locale":"nl_NL","og_type":"article","og_title":"Cookies Policy - Ladies Beauty | Nagelstudio | Nagelsproducten","og_description":"[fusion_builder_container type=&#8221;flex&#8221; hundred_percent=&#8221;no&#8221; equal_height_columns=&#8221;no&#8221; menu_anchor=&#8221;&#8221; hide_on_mobile=&#8221;small-visibility,medium-visibility,large-visibility&#8221; class=&#8221;&#8221; id=&#8221;&#8221; background_color=&#8221;&#8221; background_image=&#8221;&#8221; background_position=&#8221;center center&#8221; background_repeat=&#8221;no-repeat&#8221; fade=&#8221;no&#8221; background_parallax=&#8221;none&#8221; parallax_speed=&#8221;0.3&#8243; video_mp4=&#8221;&#8221; video_webm=&#8221;&#8221; video_ogv=&#8221;&#8221; video_url=&#8221;&#8221; video_aspect_ratio=&#8221;16:9&#8243; video_loop=&#8221;yes&#8221; video_mute=&#8221;yes&#8221; overlay_color=&#8221;&#8221; video_preview_image=&#8221;&#8221; border_color=&#8221;&#8221; border_style=&#8221;solid&#8221; padding_top=&#8221;&#8221; padding_bottom=&#8221;&#8221; padding_left=&#8221;&#8221; padding_right=&#8221;&#8221;][fusion_builder_row][fusion_builder_column type=&#8221;1_1&#8243; layout=&#8221;1_1&#8243; background_position=&#8221;left top&#8221; background_color=&#8221;&#8221; border_color=&#8221;&#8221; border_style=&#8221;solid&#8221; border_position=&#8221;all&#8221; spacing=&#8221;yes&#8221; background_image=&#8221;&#8221; background_repeat=&#8221;no-repeat&#8221; padding_top=&#8221;&#8221; padding_right=&#8221;&#8221; padding_bottom=&#8221;&#8221; padding_left=&#8221;&#8221; margin_top=&#8221;0px&#8221; margin_bottom=&#8221;0px&#8221; class=&#8221;&#8221; id=&#8221;&#8221; animation_type=&#8221;&#8221; animation_speed=&#8221;0.3&#8243; animation_direction=&#8221;left&#8221; hide_on_mobile=&#8221;small-visibility,medium-visibility,large-visibility&#8221; center_content=&#8221;no&#8221; [&hellip;]","og_url":"https:\/\/www.ladiesbeauty.nl\/nl_nl\/cookies-policy\/","og_site_name":"Ladies Beauty | Nagelstudio | Nagelsproducten","article_publisher":"https:\/\/www.facebook.com\/ladiesbeauty.nl\/","article_modified_time":"2023-11-27T13:05:51+00:00","twitter_card":"summary_large_image","twitter_misc":{"Geschatte leestijd":"3 minuten"},"schema":{"@context":"https:\/\/schema.org","@graph":[{"@type":"WebPage","@id":"https:\/\/www.ladiesbeauty.nl\/cookies-policy\/","url":"https:\/\/www.ladiesbeauty.nl\/cookies-policy\/","name":"Cookies Policy - Ladies Beauty | Nagelstudio | Nagelsproducten","isPartOf":{"@id":"https:\/\/www.ladiesbeauty.nl\/#website"},"datePublished":"2023-08-03T09:37:01+00:00","dateModified":"2023-11-27T13:05:51+00:00","breadcrumb":{"@id":"https:\/\/www.ladiesbeauty.nl\/cookies-policy\/#breadcrumb"},"inLanguage":"nl-NL","potentialAction":[{"@type":"ReadAction","target":["https:\/\/www.ladiesbeauty.nl\/cookies-policy\/"]}]},{"@type":"BreadcrumbList","@id":"https:\/\/www.ladiesbeauty.nl\/cookies-policy\/#breadcrumb","itemListElement":[{"@type":"ListItem","position":1,"name":"Home","item":"https:\/\/www.ladiesbeauty.nl\/"},{"@type":"ListItem","position":2,"name":"Cookies Policy"}]},{"@type":"WebSite","@id":"https:\/\/www.ladiesbeauty.nl\/#website","url":"https:\/\/www.ladiesbeauty.nl\/","name":"Ladies Beauty | Nagelstudio | Nagelsproducten","description":"NagelSalon | NagelStudio | Utrecht | Zeist| Nagelsproducten","publisher":{"@id":"https:\/\/www.ladiesbeauty.nl\/#organization"},"potentialAction":[{"@type":"SearchAction","target":{"@type":"EntryPoint","urlTemplate":"https:\/\/www.ladiesbeauty.nl\/?s={search_term_string}"},"query-input":{"@type":"PropertyValueSpecification","valueRequired":true,"valueName":"search_term_string"}}],"inLanguage":"nl-NL"},{"@type":"Organization","@id":"https:\/\/www.ladiesbeauty.nl\/#organization","name":"Ladies Beauty","url":"https:\/\/www.ladiesbeauty.nl\/","logo":{"@type":"ImageObject","inLanguage":"nl-NL","@id":"https:\/\/www.ladiesbeauty.nl\/#\/schema\/logo\/image\/","url":"","contentUrl":"","caption":"Ladies Beauty"},"image":{"@id":"https:\/\/www.ladiesbeauty.nl\/#\/schema\/logo\/image\/"},"sameAs":["https:\/\/www.facebook.com\/ladiesbeauty.nl\/","https:\/\/www.instagram.com\/ladiesbeauty.nl","https:\/\/nl.pinterest.com\/guedez1602\/_saved\/"]}]}},"_links":{"self":[{"href":"https:\/\/www.ladiesbeauty.nl\/nl_nl\/wp-json\/wp\/v2\/pages\/2850","targetHints":{"allow":["GET"]}}],"collection":[{"href":"https:\/\/www.ladiesbeauty.nl\/nl_nl\/wp-json\/wp\/v2\/pages"}],"about":[{"href":"https:\/\/www.ladiesbeauty.nl\/nl_nl\/wp-json\/wp\/v2\/types\/page"}],"author":[{"embeddable":true,"href":"https:\/\/www.ladiesbeauty.nl\/nl_nl\/wp-json\/wp\/v2\/users\/2"}],"replies":[{"embeddable":true,"href":"https:\/\/www.ladiesbeauty.nl\/nl_nl\/wp-json\/wp\/v2\/comments?post=2850"}],"version-history":[{"count":9,"href":"https:\/\/www.ladiesbeauty.nl\/nl_nl\/wp-json\/wp\/v2\/pages\/2850\/revisions"}],"predecessor-version":[{"id":3075,"href":"https:\/\/www.ladiesbeauty.nl\/nl_nl\/wp-json\/wp\/v2\/pages\/2850\/revisions\/3075"}],"wp:attachment":[{"href":"https:\/\/www.ladiesbeauty.nl\/nl_nl\/wp-json\/wp\/v2\/media?parent=2850"}],"curies":[{"name":"wp","href":"https:\/\/api.w.org\/{rel}","templated":true}]}}